{"id":857,"date":"2025-04-10T22:21:25","date_gmt":"2025-04-10T22:21:25","guid":{"rendered":"https:\/\/ecsverissimo.com\/?page_id=857"},"modified":"2025-04-12T00:30:57","modified_gmt":"2025-04-12T00:30:57","slug":"sobre-nos","status":"publish","type":"page","link":"https:\/\/ecsverissimo.com\/index.php\/sobre-nos\/","title":{"rendered":"Sobre n\u00f3s"},"content":{"rendered":"\t\t<div data-elementor-type=\"wp-page\" data-elementor-id=\"857\" class=\"elementor elementor-857\" data-elementor-settings=\"{&quot;ha_cmc_init_switcher&quot;:&quot;no&quot;}\">\n\t\t\t\t<div class=\"elementor-element elementor-element-1e523fb e-flex e-con-boxed wpr-particle-no wpr-jarallax-no wpr-parallax-no wpr-sticky-section-no wpr-equal-height-no e-con e-parent\" data-id=\"1e523fb\" data-element_type=\"container\" data-e-type=\"container\" id=\"#sobre-nos\" data-settings=\"{&quot;_ha_eqh_enable&quot;:false}\">\n\t\t\t\t\t<div class=\"e-con-inner\">\n\t\t\t\t<div class=\"elementor-element elementor-element-e84e269 elementor-widget elementor-widget-heading\" data-id=\"e84e269\" data-element_type=\"widget\" data-e-type=\"widget\" data-widget_type=\"heading.default\">\n\t\t\t\t<div class=\"elementor-widget-container\">\n\t\t\t\t\t<h2 class=\"elementor-heading-title elementor-size-default\">ESCOLA DE CONDU\u00c7\u00c3O S\u00c3O VER\u00cdSSIMO<\/h2>\t\t\t\t<\/div>\n\t\t\t\t<\/div>\n\t\t\t\t\t<\/div>\n\t\t\t\t<\/div>\n\t\t<div class=\"elementor-element elementor-element-b22742a e-flex e-con-boxed wpr-particle-no wpr-jarallax-no wpr-parallax-no wpr-sticky-section-no wpr-equal-height-no e-con e-parent\" data-id=\"b22742a\" data-element_type=\"container\" data-e-type=\"container\" data-settings=\"{&quot;_ha_eqh_enable&quot;:false}\">\n\t\t\t\t\t<div class=\"e-con-inner\">\n\t\t\t\t<div class=\"elementor-element elementor-element-a62262c elementor-widget elementor-widget-text-editor\" data-id=\"a62262c\" data-element_type=\"widget\" data-e-type=\"widget\" data-widget_type=\"text-editor.default\">\n\t\t\t\t<div class=\"elementor-widget-container\">\n\t\t\t\t\t\t\t\t\t<p align=\"justify\">Bem-vindo \u00e0 Escola de Condu\u00e7\u00e3o S\u00e3o Ver\u00edssimo. Aprender a conduzir n\u00e3o \u00e9 apenas adquirir o t\u00edtulo de condu\u00e7\u00e3o, \u00e9 tamb\u00e9m aprender uma habilidade essencial para a vida. Dito isto, aqui fica um breve resumo do que \u00e9 a nossa Escola.<\/p><p align=\"justify\">Gostamos de carros e motas, de ensinar e da seguran\u00e7a na estrada! A raz\u00e3o pela qual a Escola de Condu\u00e7\u00e3o de S. Ver\u00edssimo tem tido sucesso desde 1990, isto acontece porque\u00a0valorizamos os\u00a0nossos alunos. Queremos que os nossos clientes fiquem completamente satisfeitos e quando algo n\u00e3o corre pelo melhor, tentamos resolver imediatamente.<\/p><p align=\"justify\">\u200bAs aulas podem ser marcadas por telefone. Podem ser marcadas atrav\u00e9s do n\u00famero que est\u00e1 em cima, podem ligar seis dias por semana.<\/p><p align=\"justify\">Pretendemos que todos os que aprendam a conduzir na nossa Escola tenham uma experi\u00eancia muito agrad\u00e1vel nas suas vidas, repleta de comportamentos que vos fa\u00e7am crescer enquanto seres humanos. De igual modo, esperamos que esta habilita\u00e7\u00e3o seja mais um passo dado e mais uma etapa conseguida na forma\u00e7\u00e3o ao longo da vossa vida, pois \u00e9 de conhecimento geral que, ao ser titular da carta de condu\u00e7\u00e3o, outras portas se abrir\u00e3o tanto a n\u00edvel profissional como a n\u00edvel de concretiza\u00e7\u00e3o pessoal.\u00a0<\/p><p align=\"justify\">Temos como prioridade que os nossos alunos\u00a0aprendam a conduzir de forma respons\u00e1vel\u00a0e se insiram na circula\u00e7\u00e3o autom\u00f3vel com comportamentos adequados.\u00a0<br \/><br \/>Venha confirmar! Isto \u00e9 dar valor aos clientes!<\/p><p align=\"justify\">Boa sorte com as aulas e lembrem-se que quando estiverem a conduzir, \u00e9 melhor chegar ao destino tarde, do que n\u00e3o chegar.<br \/><br \/>Conduzam com seguran\u00e7a.<\/p>\t\t\t\t\t\t\t\t<\/div>\n\t\t\t\t<\/div>\n\t\t\t\t\t<\/div>\n\t\t\t\t<\/div>\n\t\t\t\t<\/div>\n\t\t","protected":false},"excerpt":{"rendered":"<p>ESCOLA DE CONDU\u00c7\u00c3O S\u00c3O VER\u00cdSSIMO Bem-vindo \u00e0 Escola de Condu\u00e7\u00e3o S\u00e3o Ver\u00edssimo. Aprender a conduzir n\u00e3o \u00e9 apenas adquirir o t\u00edtulo de condu\u00e7\u00e3o, \u00e9 tamb\u00e9m aprender uma habilidade essencial para a vida. Dito isto, aqui fica um breve resumo do que \u00e9 a nossa Escola. Gostamos de carros e motas, de ensinar e da seguran\u00e7a na estrada! A raz\u00e3o pela qual a Escola de Condu\u00e7\u00e3o de S. Ver\u00edssimo tem tido sucesso desde 1990, isto acontece porque\u00a0valorizamos os\u00a0nossos alunos. Queremos que os nossos clientes fiquem completamente satisfeitos e quando algo n\u00e3o corre pelo melhor, tentamos resolver imediatamente. \u200bAs aulas podem ser marcadas por telefone. Podem ser marcadas atrav\u00e9s do n\u00famero que est\u00e1 em cima, podem ligar seis dias por semana. Pretendemos que todos os que aprendam a conduzir na nossa Escola tenham uma experi\u00eancia muito agrad\u00e1vel nas suas vidas, repleta de comportamentos que vos fa\u00e7am crescer enquanto seres humanos. De igual modo, esperamos que esta habilita\u00e7\u00e3o seja mais um passo dado e mais uma etapa conseguida na forma\u00e7\u00e3o ao longo da vossa vida, pois \u00e9 de conhecimento geral que, ao ser titular da carta de condu\u00e7\u00e3o, outras portas se abrir\u00e3o tanto a n\u00edvel profissional como a n\u00edvel de concretiza\u00e7\u00e3o pessoal.\u00a0 Temos como prioridade que os nossos alunos\u00a0aprendam a conduzir de forma respons\u00e1vel\u00a0e se insiram na circula\u00e7\u00e3o autom\u00f3vel com comportamentos adequados.\u00a0 Venha confirmar! Isto \u00e9 dar valor aos clientes! Boa sorte com as aulas e lembrem-se que quando estiverem a conduzir, \u00e9 melhor chegar ao destino tarde, do que n\u00e3o chegar. Conduzam com seguran\u00e7a.<\/p>\n","protected":false},"author":1,"featured_media":0,"parent":0,"menu_order":0,"comment_status":"closed","ping_status":"closed","template":"page-templates\/template-pagebuilder-full-width.php","meta":{"neve_meta_sidebar":"","neve_meta_container":"","neve_meta_enable_content_width":"","neve_meta_content_width":0,"neve_meta_title_alignment":"","neve_meta_author_avatar":"","neve_post_elements_order":"","neve_meta_disable_header":"","neve_meta_disable_footer":"","neve_meta_disable_title":"","footnotes":""},"class_list":["post-857","page","type-page","status-publish","hentry"],"_links":{"self":[{"href":"https:\/\/ecsverissimo.com\/index.php\/wp-json\/wp\/v2\/pages\/857","targetHints":{"allow":["GET"]}}],"collection":[{"href":"https:\/\/ecsverissimo.com\/index.php\/wp-json\/wp\/v2\/pages"}],"about":[{"href":"https:\/\/ecsverissimo.com\/index.php\/wp-json\/wp\/v2\/types\/page"}],"author":[{"embeddable":true,"href":"https:\/\/ecsverissimo.com\/index.php\/wp-json\/wp\/v2\/users\/1"}],"replies":[{"embeddable":true,"href":"https:\/\/ecsverissimo.com\/index.php\/wp-json\/wp\/v2\/comments?post=857"}],"version-history":[{"count":0,"href":"https:\/\/ecsverissimo.com\/index.php\/wp-json\/wp\/v2\/pages\/857\/revisions"}],"wp:attachment":[{"href":"https:\/\/ecsverissimo.com\/index.php\/wp-json\/wp\/v2\/media?parent=857"}],"curies":[{"name":"wp","href":"https:\/\/api.w.org\/{rel}","templated":true}]}}