{"id":78,"date":"2025-02-20T22:14:29","date_gmt":"2025-02-20T22:14:29","guid":{"rendered":"https:\/\/ecsverissimo.com\/?page_id=78"},"modified":"2025-08-09T13:25:54","modified_gmt":"2025-08-09T13:25:54","slug":"servicos","status":"publish","type":"page","link":"https:\/\/ecsverissimo.com\/index.php\/servicos\/","title":{"rendered":"Servi\u00e7os"},"content":{"rendered":"\t\t<div data-elementor-type=\"wp-page\" data-elementor-id=\"78\" class=\"elementor elementor-78\" data-elementor-settings=\"{&quot;ha_cmc_init_switcher&quot;:&quot;no&quot;}\">\n\t\t\t\t<div class=\"elementor-element elementor-element-9c85f97 e-flex e-con-boxed wpr-particle-no wpr-jarallax-no wpr-parallax-no wpr-sticky-section-no wpr-equal-height-no e-con e-parent\" data-id=\"9c85f97\" data-element_type=\"container\" data-e-type=\"container\" data-settings=\"{&quot;background_background&quot;:&quot;classic&quot;,&quot;_ha_eqh_enable&quot;:false}\">\n\t\t\t\t\t<div class=\"e-con-inner\">\n\t\t\t\t<div class=\"elementor-element elementor-element-434fa96 elementor-widget elementor-widget-heading\" data-id=\"434fa96\" data-element_type=\"widget\" data-e-type=\"widget\" data-widget_type=\"heading.default\">\n\t\t\t\t<div class=\"elementor-widget-container\">\n\t\t\t\t\t<h2 class=\"elementor-heading-title elementor-size-default\">Servi\u00e7os Prestados<\/h2>\t\t\t\t<\/div>\n\t\t\t\t<\/div>\n\t\t\t\t\t<\/div>\n\t\t\t\t<\/div>\n\t\t<div class=\"elementor-element elementor-element-6dcbff95 e-flex e-con-boxed wpr-particle-no wpr-jarallax-no wpr-parallax-no wpr-sticky-section-no wpr-equal-height-no e-con e-parent\" data-id=\"6dcbff95\" data-element_type=\"container\" data-e-type=\"container\" data-settings=\"{&quot;background_background&quot;:&quot;classic&quot;,&quot;_ha_eqh_enable&quot;:false}\">\n\t\t\t\t\t<div class=\"e-con-inner\">\n\t\t<div class=\"elementor-element elementor-element-3763901 e-grid e-con-full wpr-particle-no wpr-jarallax-no wpr-parallax-no wpr-sticky-section-no wpr-equal-height-no e-con e-child\" data-id=\"3763901\" data-element_type=\"container\" data-e-type=\"container\" data-settings=\"{&quot;_ha_eqh_enable&quot;:false}\">\n\t\t\t\t<div class=\"elementor-element elementor-element-3ac4949 elementor-widget elementor-widget-image\" data-id=\"3ac4949\" data-element_type=\"widget\" data-e-type=\"widget\" data-widget_type=\"image.default\">\n\t\t\t\t<div class=\"elementor-widget-container\">\n\t\t\t\t\t\t\t\t\t\t\t\t\t\t\t<img fetchpriority=\"high\" decoding=\"async\" width=\"291\" height=\"300\" src=\"https:\/\/ecsverissimo.com\/wp-content\/uploads\/2025\/04\/categorias-291x300.webp\" class=\"attachment-medium size-medium wp-image-909\" alt=\"\" srcset=\"https:\/\/ecsverissimo.com\/wp-content\/uploads\/2025\/04\/categorias-291x300.webp 291w, https:\/\/ecsverissimo.com\/wp-content\/uploads\/2025\/04\/categorias.webp 611w\" sizes=\"(max-width: 291px) 100vw, 291px\" \/>\t\t\t\t\t\t\t\t\t\t\t\t\t\t\t<\/div>\n\t\t\t\t<\/div>\n\t\t\t\t<div class=\"elementor-element elementor-element-baf11a0 elementor-widget elementor-widget-text-editor\" data-id=\"baf11a0\" data-element_type=\"widget\" data-e-type=\"widget\" data-widget_type=\"text-editor.default\">\n\t\t\t\t<div class=\"elementor-widget-container\">\n\t\t\t\t\t\t\t\t\t<p style=\"text-align: left;\"><strong>CARTAS DE CONDU\u00c7\u00c3O<\/strong><\/p>\n<ul>\n<li><mark class=\"has-inline-color has-custom-color-1-color\" style=\"background-color: rgba(0, 0, 0, 0);\">Motociclos: Categorias A, \u00a0A1 e A2 <\/mark><\/li>\n<li><mark class=\"has-inline-color has-custom-color-1-color\" style=\"background-color: rgba(0, 0, 0, 0);\">Autom\u00f3veis ligeiros<\/mark><\/li>\n<li><mark class=\"has-inline-color has-custom-color-1-color\" style=\"background-color: rgba(0, 0, 0, 0);\">Auto proposituras<\/mark><\/li>\n<\/ul>\t\t\t\t\t\t\t\t<\/div>\n\t\t\t\t<\/div>\n\t\t\t\t<div class=\"elementor-element elementor-element-f52d329 elementor-widget elementor-widget-image\" data-id=\"f52d329\" data-element_type=\"widget\" data-e-type=\"widget\" data-widget_type=\"image.default\">\n\t\t\t\t<div class=\"elementor-widget-container\">\n\t\t\t\t\t\t\t\t\t\t\t\t\t\t\t<img decoding=\"async\" width=\"674\" height=\"382\" src=\"https:\/\/ecsverissimo.com\/wp-content\/uploads\/2025\/04\/cartas.webp\" class=\"attachment-full size-full wp-image-893\" alt=\"\" srcset=\"https:\/\/ecsverissimo.com\/wp-content\/uploads\/2025\/04\/cartas.webp 674w, https:\/\/ecsverissimo.com\/wp-content\/uploads\/2025\/04\/cartas-300x170.webp 300w\" sizes=\"(max-width: 674px) 100vw, 674px\" \/>\t\t\t\t\t\t\t\t\t\t\t\t\t\t\t<\/div>\n\t\t\t\t<\/div>\n\t\t\t\t<div class=\"elementor-element elementor-element-d90f191 elementor-widget elementor-widget-text-editor\" data-id=\"d90f191\" data-element_type=\"widget\" data-e-type=\"widget\" data-widget_type=\"text-editor.default\">\n\t\t\t\t<div class=\"elementor-widget-container\">\n\t\t\t\t\t\t\t\t\t<p style=\"text-align: left;\"><strong>SERVI\u00c7OS SECRETARIA<\/strong><\/p><ul><li>\u00a0Revalida\u00e7\u00e3o dos t\u00edtulos de condu\u00e7\u00e3o<\/li><li>Emiss\u00e3o de 2\u00aa via<\/li><li>Substitui\u00e7\u00e3o da carta de condu\u00e7\u00e3o<\/li><li>Licen\u00e7a internacional de condu\u00e7\u00e3o\u00a0<\/li><li>E m\u00faltiplos outros servi\u00e7os<\/li><\/ul>\t\t\t\t\t\t\t\t<\/div>\n\t\t\t\t<\/div>\n\t\t\t\t<\/div>\n\t\t\t\t<div class=\"elementor-element elementor-element-fd33715 elementor-widget-divider--view-line elementor-widget elementor-widget-divider\" data-id=\"fd33715\" data-element_type=\"widget\" data-e-type=\"widget\" data-widget_type=\"divider.default\">\n\t\t\t\t<div class=\"elementor-widget-container\">\n\t\t\t\t\t\t\t<div class=\"elementor-divider\">\n\t\t\t<span class=\"elementor-divider-separator\">\n\t\t\t\t\t\t<\/span>\n\t\t<\/div>\n\t\t\t\t\t\t<\/div>\n\t\t\t\t<\/div>\n\t\t\t\t\t<\/div>\n\t\t\t\t<\/div>\n\t\t<div class=\"elementor-element elementor-element-5edbbd9 e-con-full e-flex wpr-particle-no wpr-jarallax-no wpr-parallax-no wpr-sticky-section-no wpr-equal-height-no e-con e-parent\" data-id=\"5edbbd9\" data-element_type=\"container\" data-e-type=\"container\" id=\"horario\" data-settings=\"{&quot;_ha_eqh_enable&quot;:false}\">\n\t\t\t\t<div class=\"elementor-element elementor-element-070c5f2 elementor-widget elementor-widget-heading\" data-id=\"070c5f2\" data-element_type=\"widget\" data-e-type=\"widget\" id=\"horario\" data-widget_type=\"heading.default\">\n\t\t\t\t<div class=\"elementor-widget-container\">\n\t\t\t\t\t<h4 class=\"elementor-heading-title elementor-size-default\">Hor\u00e1rio de secretaria     <\/h4>\t\t\t\t<\/div>\n\t\t\t\t<\/div>\n\t\t<div class=\"elementor-element elementor-element-21fecad e-grid e-con-boxed wpr-particle-no wpr-jarallax-no wpr-parallax-no wpr-sticky-section-no wpr-equal-height-no e-con e-child\" data-id=\"21fecad\" data-element_type=\"container\" data-e-type=\"container\" data-settings=\"{&quot;_ha_eqh_enable&quot;:false}\">\n\t\t\t\t\t<div class=\"e-con-inner\">\n\t\t\t\t<div class=\"elementor-element elementor-element-103b3d3 elementor-widget elementor-widget-image\" data-id=\"103b3d3\" data-element_type=\"widget\" data-e-type=\"widget\" data-widget_type=\"image.default\">\n\t\t\t\t<div class=\"elementor-widget-container\">\n\t\t\t\t\t\t\t\t\t\t\t\t\t\t\t<img decoding=\"async\" width=\"1920\" height=\"1767\" src=\"https:\/\/ecsverissimo.com\/wp-content\/uploads\/2025\/04\/Design-sem-nome.png\" class=\"attachment-full size-full wp-image-839\" alt=\"\" srcset=\"https:\/\/ecsverissimo.com\/wp-content\/uploads\/2025\/04\/Design-sem-nome.png 1920w, https:\/\/ecsverissimo.com\/wp-content\/uploads\/2025\/04\/Design-sem-nome-300x276.png 300w, https:\/\/ecsverissimo.com\/wp-content\/uploads\/2025\/04\/Design-sem-nome-1024x942.png 1024w, https:\/\/ecsverissimo.com\/wp-content\/uploads\/2025\/04\/Design-sem-nome-768x707.png 768w, https:\/\/ecsverissimo.com\/wp-content\/uploads\/2025\/04\/Design-sem-nome-1536x1414.png 1536w\" sizes=\"(max-width: 1920px) 100vw, 1920px\" \/>\t\t\t\t\t\t\t\t\t\t\t\t\t\t\t<\/div>\n\t\t\t\t<\/div>\n\t\t\t\t<div class=\"elementor-element elementor-element-5808f9a e-transform elementor-widget__width-initial wpr-data-table-type-custom wpr-table-align-items-left elementor-widget elementor-widget-wpr-data-table\" data-id=\"5808f9a\" data-element_type=\"widget\" data-e-type=\"widget\" data-settings=\"{&quot;_transform_rotateZ_effect_tablet&quot;:{&quot;unit&quot;:&quot;deg&quot;,&quot;size&quot;:0,&quot;sizes&quot;:[]},&quot;_transform_rotateZ_effect&quot;:{&quot;unit&quot;:&quot;px&quot;,&quot;size&quot;:&quot;&quot;,&quot;sizes&quot;:[]},&quot;_transform_rotateZ_effect_mobile&quot;:{&quot;unit&quot;:&quot;deg&quot;,&quot;size&quot;:&quot;&quot;,&quot;sizes&quot;:[]}}\" data-widget_type=\"wpr-data-table.default\">\n\t\t\t\t<div class=\"elementor-widget-container\">\n\t\t\t\t\t\n\t\t\t\t\n\t\t<div class=\"wpr-table-container\">\n\t\t<div class=\"wpr-table-inner-container \" data-table-sorting=\"no\" data-custom-pagination=\"no\" data-row-pagination=\"\" data-entry-info=\"no\" data-rows-per-page=\"\">\n\n\t\t\n\t\t\t\t\t\t<table class=\"wpr-data-table\" id=\"wpr-data-table\">\n\t\t\t\t\t\t\t\t\n\t\t\t\t<thead>\n\t\t\t\t\t<tr class=\"wpr-table-head-row wpr-table-row\">\n\t\t\t\t\t\n\t\t\t\t\t\t<th class=\"wpr-table-th elementor-repeater-item-20b5a3b\" colspan=\"\">\n\t\t\t\t\t\t\t<div class=\"\">\n\t\t\t\t\t\t\t\t\t\t\t\t\t\t\t\t\n\t\t\t\t\t\t\t\t\t\t\t\t\t\t\t\t\t<span class=\"wpr-table-text\">DIA<\/span>\n\t\t\t\t\t\t\t\t\t\t\t\t\t\t\t\t\t\t\t\t\t\t\t\t\t\t\t\t\t\t\t\t\t\t\t\t\t\t\t\t\t\t\t\t\t\t\t<\/div>\n\t\t\t\t\t\t<\/th>\n\t\t\t\t\t\t\n\t\t\t\t\t\t<th class=\"wpr-table-th elementor-repeater-item-5073c65\" colspan=\"1\">\n\t\t\t\t\t\t\t<div class=\"\">\n\t\t\t\t\t\t\t\t\t\t\t\t\t\t\t\t\n\t\t\t\t\t\t\t\t\t\t\t\t\t\t\t\t\t<span class=\"wpr-table-text\">MANH\u00c3<\/span>\n\t\t\t\t\t\t\t\t\t\t\t\t\t\t\t\t\t\t\t\t\t\t\t\t\t\t\t\t\t\t\t\t\t\t\t\t\t\t\t\t\t\t\t\t\t\t\t<\/div>\n\t\t\t\t\t\t<\/th>\n\t\t\t\t\t\t\n\t\t\t\t\t\t<th class=\"wpr-table-th elementor-repeater-item-fa03871\" colspan=\"1\">\n\t\t\t\t\t\t\t<div class=\"\">\n\t\t\t\t\t\t\t\t\t\t\t\t\t\t\t\t\n\t\t\t\t\t\t\t\t\t\t\t\t\t\t\t\t\t<span class=\"wpr-table-text\">TARDE<\/span>\n\t\t\t\t\t\t\t\t\t\t\t\t\t\t\t\t\t\t\t\t\t\t\t\t\t\t\t\t\t\t\t\t\t\t\t\t\t\t\t\t\t\t\t\t\t\t\t<\/div>\n\t\t\t\t\t\t<\/th>\n\t\t\t\t\t\t\t\t\t\t\t<\/tr>\n\t\t\t\t<\/thead>\n\n\t\t\t\t<tbody>\n\t\t\t\t\t\t\t\t\t<tr class=\"wpr-table-body-row wpr-table-row elementor-repeater-item-bc91e54 wpr-odd\">\n\t\t\t\t\t\t\t\t\t\t\t\t\t\n\t\t\t\t\t\t\t<td colspan=\"\" rowspan=\"\" class=\"elementor-repeater-item-92c94b9 wpr-table-td\">\n\n\t\t\t\t\t\t\t\t<div class=\"wpr-td-content-wrapper \">\n\n\t\t\t\t\t\t\t\t\t\t\t\t\t\t\t\t\t\t\t\t\t\t\t\t\t\t\t\t\t<span>\n\t\t\t\t\t\t\t\t\t \n\t\t\t\t\t\t\t\t\t\t\t<span class=\"wpr-table-text\">\n\t\t\t\t\t\t\t\t\t\t\t\tSEGUNDA\t\t\t\t\t\t\t\t\t\t\t<\/span>\n\t\t\t\t\t\t\t\t\t\t\t\t\t\t\t\t\t\t\t\t<\/span>\n\t\t\t\t\t\t\t\t\t\t\t\t\t\t\t\t\t\t\t\t\t\t\t\t\t\t\t\t\n\t\t\t\t\t\t\t\t<\/div>\n\n\t\t\t\t\t\t\t<\/td>\n\t\t\t\t\t\t\t\t\t\t\t\t\t\t\t\n\t\t\t\t\t\t\t<td colspan=\"\" rowspan=\"\" class=\"elementor-repeater-item-b8ec492 wpr-table-td\">\n\n\t\t\t\t\t\t\t\t<div class=\"wpr-td-content-wrapper \">\n\n\t\t\t\t\t\t\t\t\t\t\t\t\t\t\t\t\t\t\t\t\t\t\t\t\t\t\t\t\t<span>\n\t\t\t\t\t\t\t\t\t \n\t\t\t\t\t\t\t\t\t\t\t<span class=\"wpr-table-text\">\n\t\t\t\t\t\t\t\t\t\t\t\t10:00 - 12:00\t\t\t\t\t\t\t\t\t\t\t<\/span>\n\t\t\t\t\t\t\t\t\t\t\t\t\t\t\t\t\t\t\t\t<\/span>\n\t\t\t\t\t\t\t\t\t\t\t\t\t\t\t\t\t\t\t\t\t\t\t\t\t\t\t\t\n\t\t\t\t\t\t\t\t<\/div>\n\n\t\t\t\t\t\t\t<\/td>\n\t\t\t\t\t\t\t\t\t\t\t\t\t\t\t\n\t\t\t\t\t\t\t<td colspan=\"\" rowspan=\"\" class=\"elementor-repeater-item-b812832 wpr-table-td\">\n\n\t\t\t\t\t\t\t\t<div class=\"wpr-td-content-wrapper \">\n\n\t\t\t\t\t\t\t\t\t\t\t\t\t\t\t\t\t\t\t\t\t\t\t\t\t\t\t\t\t<span>\n\t\t\t\t\t\t\t\t\t \n\t\t\t\t\t\t\t\t\t\t\t<span class=\"wpr-table-text\">\n\t\t\t\t\t\t\t\t\t\t\t\t14:00 - 20:00\t\t\t\t\t\t\t\t\t\t\t<\/span>\n\t\t\t\t\t\t\t\t\t\t\t\t\t\t\t\t\t\t\t\t<\/span>\n\t\t\t\t\t\t\t\t\t\t\t\t\t\t\t\t\t\t\t\t\t\t\t\t\t\t\t\t\n\t\t\t\t\t\t\t\t<\/div>\n\n\t\t\t\t\t\t\t<\/td>\n\t\t\t\t\t\t\t\t\t\t\t\t<\/tr>\n\t\t\t        \t\t\t\t\t<tr class=\"wpr-table-body-row wpr-table-row elementor-repeater-item-20eaa74 wpr-odd\">\n\t\t\t\t\t\t\t\t\t\t\t\t\t\n\t\t\t\t\t\t\t<td colspan=\"\" rowspan=\"\" class=\"elementor-repeater-item-f1dcd1d wpr-table-td\">\n\n\t\t\t\t\t\t\t\t<div class=\"wpr-td-content-wrapper \">\n\n\t\t\t\t\t\t\t\t\t\t\t\t\t\t\t\t\t\t\t\t\t\t\t\t\t\t\t\t\t<span>\n\t\t\t\t\t\t\t\t\t \n\t\t\t\t\t\t\t\t\t\t\t<span class=\"wpr-table-text\">\n\t\t\t\t\t\t\t\t\t\t\t\tTER\u00c7A\t\t\t\t\t\t\t\t\t\t\t<\/span>\n\t\t\t\t\t\t\t\t\t\t\t\t\t\t\t\t\t\t\t\t<\/span>\n\t\t\t\t\t\t\t\t\t\t\t\t\t\t\t\t\t\t\t\t\t\t\t\t\t\t\t\t\n\t\t\t\t\t\t\t\t<\/div>\n\n\t\t\t\t\t\t\t<\/td>\n\t\t\t\t\t\t\t\t\t\t\t\t\t\t\t\n\t\t\t\t\t\t\t<td colspan=\"\" rowspan=\"\" class=\"elementor-repeater-item-0f3e97b wpr-table-td\">\n\n\t\t\t\t\t\t\t\t<div class=\"wpr-td-content-wrapper \">\n\n\t\t\t\t\t\t\t\t\t\t\t\t\t\t\t\t\t\t\t\t\t\t\t\t\t\t\t\t\t<span>\n\t\t\t\t\t\t\t\t\t \n\t\t\t\t\t\t\t\t\t\t\t<span class=\"wpr-table-text\">\n\t\t\t\t\t\t\t\t\t\t\t\t10:00 - 12:00\t\t\t\t\t\t\t\t\t\t\t<\/span>\n\t\t\t\t\t\t\t\t\t\t\t\t\t\t\t\t\t\t\t\t<\/span>\n\t\t\t\t\t\t\t\t\t\t\t\t\t\t\t\t\t\t\t\t\t\t\t\t\t\t\t\t\n\t\t\t\t\t\t\t\t<\/div>\n\n\t\t\t\t\t\t\t<\/td>\n\t\t\t\t\t\t\t\t\t\t\t\t\t\t\t\n\t\t\t\t\t\t\t<td colspan=\"\" rowspan=\"\" class=\"elementor-repeater-item-155077d wpr-table-td\">\n\n\t\t\t\t\t\t\t\t<div class=\"wpr-td-content-wrapper \">\n\n\t\t\t\t\t\t\t\t\t\t\t\t\t\t\t\t\t\t\t\t\t\t\t\t\t\t\t\t\t<span>\n\t\t\t\t\t\t\t\t\t \n\t\t\t\t\t\t\t\t\t\t\t<span class=\"wpr-table-text\">\n\t\t\t\t\t\t\t\t\t\t\t\t14:00 - 20:00\t\t\t\t\t\t\t\t\t\t\t<\/span>\n\t\t\t\t\t\t\t\t\t\t\t\t\t\t\t\t\t\t\t\t<\/span>\n\t\t\t\t\t\t\t\t\t\t\t\t\t\t\t\t\t\t\t\t\t\t\t\t\t\t\t\t\n\t\t\t\t\t\t\t\t<\/div>\n\n\t\t\t\t\t\t\t<\/td>\n\t\t\t\t\t\t\t\t\t\t\t\t<\/tr>\n\t\t\t        \t\t\t\t\t<tr class=\"wpr-table-body-row wpr-table-row elementor-repeater-item-3689c9a wpr-odd\">\n\t\t\t\t\t\t\t\t\t\t\t\t\t\n\t\t\t\t\t\t\t<td colspan=\"\" rowspan=\"\" class=\"elementor-repeater-item-798901f wpr-table-td\">\n\n\t\t\t\t\t\t\t\t<div class=\"wpr-td-content-wrapper \">\n\n\t\t\t\t\t\t\t\t\t\t\t\t\t\t\t\t\t\t\t\t\t\t\t\t\t\t\t\t\t<span>\n\t\t\t\t\t\t\t\t\t \n\t\t\t\t\t\t\t\t\t\t\t<span class=\"wpr-table-text\">\n\t\t\t\t\t\t\t\t\t\t\t\tQUARTA\t\t\t\t\t\t\t\t\t\t\t<\/span>\n\t\t\t\t\t\t\t\t\t\t\t\t\t\t\t\t\t\t\t\t<\/span>\n\t\t\t\t\t\t\t\t\t\t\t\t\t\t\t\t\t\t\t\t\t\t\t\t\t\t\t\t\n\t\t\t\t\t\t\t\t<\/div>\n\n\t\t\t\t\t\t\t<\/td>\n\t\t\t\t\t\t\t\t\t\t\t\t\t\t\t\n\t\t\t\t\t\t\t<td colspan=\"\" rowspan=\"\" class=\"elementor-repeater-item-59dd9a2 wpr-table-td\">\n\n\t\t\t\t\t\t\t\t<div class=\"wpr-td-content-wrapper \">\n\n\t\t\t\t\t\t\t\t\t\t\t\t\t\t\t\t\t\t\t\t\t\t\t\t\t\t\t\t\t<span>\n\t\t\t\t\t\t\t\t\t \n\t\t\t\t\t\t\t\t\t\t\t<span class=\"wpr-table-text\">\n\t\t\t\t\t\t\t\t\t\t\t\t10:00 - 12:00\t\t\t\t\t\t\t\t\t\t\t<\/span>\n\t\t\t\t\t\t\t\t\t\t\t\t\t\t\t\t\t\t\t\t<\/span>\n\t\t\t\t\t\t\t\t\t\t\t\t\t\t\t\t\t\t\t\t\t\t\t\t\t\t\t\t\n\t\t\t\t\t\t\t\t<\/div>\n\n\t\t\t\t\t\t\t<\/td>\n\t\t\t\t\t\t\t\t\t\t\t\t\t\t\t\n\t\t\t\t\t\t\t<td colspan=\"\" rowspan=\"\" class=\"elementor-repeater-item-5f7e70f wpr-table-td\">\n\n\t\t\t\t\t\t\t\t<div class=\"wpr-td-content-wrapper \">\n\n\t\t\t\t\t\t\t\t\t\t\t\t\t\t\t\t\t\t\t\t\t\t\t\t\t\t\t\t\t<span>\n\t\t\t\t\t\t\t\t\t \n\t\t\t\t\t\t\t\t\t\t\t<span class=\"wpr-table-text\">\n\t\t\t\t\t\t\t\t\t\t\t\t14:00 - 19:00\t\t\t\t\t\t\t\t\t\t\t<\/span>\n\t\t\t\t\t\t\t\t\t\t\t\t\t\t\t\t\t\t\t\t<\/span>\n\t\t\t\t\t\t\t\t\t\t\t\t\t\t\t\t\t\t\t\t\t\t\t\t\t\t\t\t\n\t\t\t\t\t\t\t\t<\/div>\n\n\t\t\t\t\t\t\t<\/td>\n\t\t\t\t\t\t\t\t\t\t\t\t<\/tr>\n\t\t\t        \t\t\t\t\t<tr class=\"wpr-table-body-row wpr-table-row elementor-repeater-item-0258cc0 wpr-odd\">\n\t\t\t\t\t\t\t\t\t\t\t\t\t\n\t\t\t\t\t\t\t<td colspan=\"\" rowspan=\"\" class=\"elementor-repeater-item-624d8c7 wpr-table-td\">\n\n\t\t\t\t\t\t\t\t<div class=\"wpr-td-content-wrapper \">\n\n\t\t\t\t\t\t\t\t\t\t\t\t\t\t\t\t\t\t\t\t\t\t\t\t\t\t\t\t\t<span>\n\t\t\t\t\t\t\t\t\t \n\t\t\t\t\t\t\t\t\t\t\t<span class=\"wpr-table-text\">\n\t\t\t\t\t\t\t\t\t\t\t\tQUINTA\t\t\t\t\t\t\t\t\t\t\t<\/span>\n\t\t\t\t\t\t\t\t\t\t\t\t\t\t\t\t\t\t\t\t<\/span>\n\t\t\t\t\t\t\t\t\t\t\t\t\t\t\t\t\t\t\t\t\t\t\t\t\t\t\t\t\n\t\t\t\t\t\t\t\t<\/div>\n\n\t\t\t\t\t\t\t<\/td>\n\t\t\t\t\t\t\t\t\t\t\t\t\t\t\t\n\t\t\t\t\t\t\t<td colspan=\"\" rowspan=\"\" class=\"elementor-repeater-item-f755232 wpr-table-td\">\n\n\t\t\t\t\t\t\t\t<div class=\"wpr-td-content-wrapper \">\n\n\t\t\t\t\t\t\t\t\t\t\t\t\t\t\t\t\t\t\t\t\t\t\t\t\t\t\t\t\t<span>\n\t\t\t\t\t\t\t\t\t \n\t\t\t\t\t\t\t\t\t\t\t<span class=\"wpr-table-text\">\n\t\t\t\t\t\t\t\t\t\t\t\t10:00 - 12:00\t\t\t\t\t\t\t\t\t\t\t<\/span>\n\t\t\t\t\t\t\t\t\t\t\t\t\t\t\t\t\t\t\t\t<\/span>\n\t\t\t\t\t\t\t\t\t\t\t\t\t\t\t\t\t\t\t\t\t\t\t\t\t\t\t\t\n\t\t\t\t\t\t\t\t<\/div>\n\n\t\t\t\t\t\t\t<\/td>\n\t\t\t\t\t\t\t\t\t\t\t\t\t\t\t\n\t\t\t\t\t\t\t<td colspan=\"\" rowspan=\"\" class=\"elementor-repeater-item-c1bcb4a wpr-table-td\">\n\n\t\t\t\t\t\t\t\t<div class=\"wpr-td-content-wrapper \">\n\n\t\t\t\t\t\t\t\t\t\t\t\t\t\t\t\t\t\t\t\t\t\t\t\t\t\t\t\t\t<span>\n\t\t\t\t\t\t\t\t\t \n\t\t\t\t\t\t\t\t\t\t\t<span class=\"wpr-table-text\">\n\t\t\t\t\t\t\t\t\t\t\t\t14:00 - 19:00\t\t\t\t\t\t\t\t\t\t\t<\/span>\n\t\t\t\t\t\t\t\t\t\t\t\t\t\t\t\t\t\t\t\t<\/span>\n\t\t\t\t\t\t\t\t\t\t\t\t\t\t\t\t\t\t\t\t\t\t\t\t\t\t\t\t\n\t\t\t\t\t\t\t\t<\/div>\n\n\t\t\t\t\t\t\t<\/td>\n\t\t\t\t\t\t\t\t\t\t\t\t<\/tr>\n\t\t\t        \t\t\t\t\t<tr class=\"wpr-table-body-row wpr-table-row elementor-repeater-item-707da88 wpr-odd\">\n\t\t\t\t\t\t\t\t\t\t\t\t\t\n\t\t\t\t\t\t\t<td colspan=\"\" rowspan=\"\" class=\"elementor-repeater-item-cdb8f2f wpr-table-td\">\n\n\t\t\t\t\t\t\t\t<div class=\"wpr-td-content-wrapper \">\n\n\t\t\t\t\t\t\t\t\t\t\t\t\t\t\t\t\t\t\t\t\t\t\t\t\t\t\t\t\t<span>\n\t\t\t\t\t\t\t\t\t \n\t\t\t\t\t\t\t\t\t\t\t<span class=\"wpr-table-text\">\n\t\t\t\t\t\t\t\t\t\t\t\tSEXTA\t\t\t\t\t\t\t\t\t\t\t<\/span>\n\t\t\t\t\t\t\t\t\t\t\t\t\t\t\t\t\t\t\t\t<\/span>\n\t\t\t\t\t\t\t\t\t\t\t\t\t\t\t\t\t\t\t\t\t\t\t\t\t\t\t\t\n\t\t\t\t\t\t\t\t<\/div>\n\n\t\t\t\t\t\t\t<\/td>\n\t\t\t\t\t\t\t\t\t\t\t\t\t\t\t\n\t\t\t\t\t\t\t<td colspan=\"\" rowspan=\"\" class=\"elementor-repeater-item-718b219 wpr-table-td\">\n\n\t\t\t\t\t\t\t\t<div class=\"wpr-td-content-wrapper \">\n\n\t\t\t\t\t\t\t\t\t\t\t\t\t\t\t\t\t\t\t\t\t\t\t\t\t\t\t\t\t<span>\n\t\t\t\t\t\t\t\t\t \n\t\t\t\t\t\t\t\t\t\t\t<span class=\"wpr-table-text\">\n\t\t\t\t\t\t\t\t\t\t\t\t10:00 - 12:00\t\t\t\t\t\t\t\t\t\t\t<\/span>\n\t\t\t\t\t\t\t\t\t\t\t\t\t\t\t\t\t\t\t\t<\/span>\n\t\t\t\t\t\t\t\t\t\t\t\t\t\t\t\t\t\t\t\t\t\t\t\t\t\t\t\t\n\t\t\t\t\t\t\t\t<\/div>\n\n\t\t\t\t\t\t\t<\/td>\n\t\t\t\t\t\t\t\t\t\t\t\t\t\t\t\n\t\t\t\t\t\t\t<td colspan=\"\" rowspan=\"\" class=\"elementor-repeater-item-2076a33 wpr-table-td\">\n\n\t\t\t\t\t\t\t\t<div class=\"wpr-td-content-wrapper \">\n\n\t\t\t\t\t\t\t\t\t\t\t\t\t\t\t\t\t\t\t\t\t\t\t\t\t\t\t\t\t<span>\n\t\t\t\t\t\t\t\t\t \n\t\t\t\t\t\t\t\t\t\t\t<span class=\"wpr-table-text\">\n\t\t\t\t\t\t\t\t\t\t\t\t14:00 - 19:00\t\t\t\t\t\t\t\t\t\t\t<\/span>\n\t\t\t\t\t\t\t\t\t\t\t\t\t\t\t\t\t\t\t\t<\/span>\n\t\t\t\t\t\t\t\t\t\t\t\t\t\t\t\t\t\t\t\t\t\t\t\t\t\t\t\t\n\t\t\t\t\t\t\t\t<\/div>\n\n\t\t\t\t\t\t\t<\/td>\n\t\t\t\t\t\t\t\t\t\t\t\t<\/tr>\n\t\t\t        \t\t\t\t\t<tr class=\"wpr-table-body-row wpr-table-row elementor-repeater-item-0df3d3a wpr-odd\">\n\t\t\t\t\t\t\t\t\t\t\t\t\t\n\t\t\t\t\t\t\t<td colspan=\"\" rowspan=\"\" class=\"elementor-repeater-item-49a0c9c wpr-table-td\">\n\n\t\t\t\t\t\t\t\t<div class=\"wpr-td-content-wrapper \">\n\n\t\t\t\t\t\t\t\t\t\t\t\t\t\t\t\t\t\t\t\t\t\t\t\t\t\t\t\t\t<span>\n\t\t\t\t\t\t\t\t\t \n\t\t\t\t\t\t\t\t\t\t\t<span class=\"wpr-table-text\">\n\t\t\t\t\t\t\t\t\t\t\t\tS\u00c1BADO\t\t\t\t\t\t\t\t\t\t\t<\/span>\n\t\t\t\t\t\t\t\t\t\t\t\t\t\t\t\t\t\t\t\t<\/span>\n\t\t\t\t\t\t\t\t\t\t\t\t\t\t\t\t\t\t\t\t\t\t\t\t\t\t\t\t\n\t\t\t\t\t\t\t\t<\/div>\n\n\t\t\t\t\t\t\t<\/td>\n\t\t\t\t\t\t\t\t\t\t\t\t\t\t\t\n\t\t\t\t\t\t\t<td colspan=\"\" rowspan=\"\" class=\"elementor-repeater-item-57532c2 wpr-table-td\">\n\n\t\t\t\t\t\t\t\t<div class=\"wpr-td-content-wrapper \">\n\n\t\t\t\t\t\t\t\t\t\t\t\t\t\t\t\t\t\t\t\t\t\t\t\t\t\t\t\t\t<span>\n\t\t\t\t\t\t\t\t\t \n\t\t\t\t\t\t\t\t\t\t\t<span class=\"wpr-table-text\">\n\t\t\t\t\t\t\t\t\t\t\t\t10:00 - 12:00\t\t\t\t\t\t\t\t\t\t\t<\/span>\n\t\t\t\t\t\t\t\t\t\t\t\t\t\t\t\t\t\t\t\t<\/span>\n\t\t\t\t\t\t\t\t\t\t\t\t\t\t\t\t\t\t\t\t\t\t\t\t\t\t\t\t\n\t\t\t\t\t\t\t\t<\/div>\n\n\t\t\t\t\t\t\t<\/td>\n\t\t\t\t\t\t\t\t\t\t\t\t\t\t\t\n\t\t\t\t\t\t\t<td colspan=\"\" rowspan=\"\" class=\"elementor-repeater-item-2daef86 wpr-table-td\">\n\n\t\t\t\t\t\t\t\t<div class=\"wpr-td-content-wrapper \">\n\n\t\t\t\t\t\t\t\t\t\t\t\t\t\t\t\t\t\t\t\t\t\t\t\t\t\t\t\t\t<span>\n\t\t\t\t\t\t\t\t\t \n\t\t\t\t\t\t\t\t\t\t\t<span class=\"wpr-table-text\">\n\t\t\t\t\t\t\t\t\t\t\t\t-- --\t\t\t\t\t\t\t\t\t\t\t<\/span>\n\t\t\t\t\t\t\t\t\t\t\t\t\t\t\t\t\t\t\t\t<\/span>\n\t\t\t\t\t\t\t\t\t\t\t\t\t\t\t\t\t\t\t\t\t\t\t\t\t\t\t\t\n\t\t\t\t\t\t\t\t<\/div>\n\n\t\t\t\t\t\t\t<\/td>\n\t\t\t\t\t\t\t\t\t\t\t\t<\/tr>\n\t\t\t        \t\t\t\t<\/tbody>\n\t\t\t<\/table>\n\t\t<\/div>\n\t\t<\/div>\n    \t\t\t\t\t<\/div>\n\t\t\t\t<\/div>\n\t\t\t\t\t<\/div>\n\t\t\t\t<\/div>\n\t\t\t\t<\/div>\n\t\t<div class=\"elementor-element elementor-element-c8326c9 e-flex e-con-boxed wpr-particle-no wpr-jarallax-no wpr-parallax-no wpr-sticky-section-no wpr-equal-height-no e-con e-parent\" data-id=\"c8326c9\" data-element_type=\"container\" data-e-type=\"container\" data-settings=\"{&quot;_ha_eqh_enable&quot;:false}\">\n\t\t\t\t\t<div class=\"e-con-inner\">\n\t\t\t\t\t<\/div>\n\t\t\t\t<\/div>\n\t\t\t\t<\/div>\n\t\t","protected":false},"excerpt":{"rendered":"<p>Servi\u00e7os Prestados CARTAS DE CONDU\u00c7\u00c3O Motociclos: Categorias A, \u00a0A1 e A2 Autom\u00f3veis ligeiros Auto proposituras SERVI\u00c7OS SECRETARIA \u00a0Revalida\u00e7\u00e3o dos t\u00edtulos de condu\u00e7\u00e3o Emiss\u00e3o de 2\u00aa via Substitui\u00e7\u00e3o da carta de condu\u00e7\u00e3o Licen\u00e7a internacional de condu\u00e7\u00e3o\u00a0 E m\u00faltiplos outros servi\u00e7os Hor\u00e1rio de secretaria DIA MANH\u00c3 TARDE SEGUNDA 10:00 &#8211; 12:00 14:00 &#8211; 20:00 TER\u00c7A 10:00 &#8211; 12:00 14:00 &#8211; 20:00 QUARTA 10:00 &#8211; 12:00 14:00 &#8211; 19:00 QUINTA 10:00 &#8211; 12:00 14:00 &#8211; 19:00 SEXTA 10:00 &#8211; 12:00 14:00 &#8211; 19:00 S\u00c1BADO 10:00 &#8211; 12:00 &#8212; &#8212;<\/p>\n","protected":false},"author":1,"featured_media":659,"parent":0,"menu_order":0,"comment_status":"closed","ping_status":"closed","template":"","meta":{"neve_meta_sidebar":"","neve_meta_container":"","neve_meta_enable_content_width":"","neve_meta_content_width":0,"neve_meta_title_alignment":"","neve_meta_author_avatar":"","neve_post_elements_order":"","neve_meta_disable_header":"","neve_meta_disable_footer":"","neve_meta_disable_title":"","footnotes":"[]"},"class_list":["post-78","page","type-page","status-publish","has-post-thumbnail","hentry"],"_links":{"self":[{"href":"https:\/\/ecsverissimo.com\/index.php\/wp-json\/wp\/v2\/pages\/78","targetHints":{"allow":["GET"]}}],"collection":[{"href":"https:\/\/ecsverissimo.com\/index.php\/wp-json\/wp\/v2\/pages"}],"about":[{"href":"https:\/\/ecsverissimo.com\/index.php\/wp-json\/wp\/v2\/types\/page"}],"author":[{"embeddable":true,"href":"https:\/\/ecsverissimo.com\/index.php\/wp-json\/wp\/v2\/users\/1"}],"replies":[{"embeddable":true,"href":"https:\/\/ecsverissimo.com\/index.php\/wp-json\/wp\/v2\/comments?post=78"}],"version-history":[{"count":28,"href":"https:\/\/ecsverissimo.com\/index.php\/wp-json\/wp\/v2\/pages\/78\/revisions"}],"predecessor-version":[{"id":1444,"href":"https:\/\/ecsverissimo.com\/index.php\/wp-json\/wp\/v2\/pages\/78\/revisions\/1444"}],"wp:featuredmedia":[{"embeddable":true,"href":"https:\/\/ecsverissimo.com\/index.php\/wp-json\/wp\/v2\/media\/659"}],"wp:attachment":[{"href":"https:\/\/ecsverissimo.com\/index.php\/wp-json\/wp\/v2\/media?parent=78"}],"curies":[{"name":"wp","href":"https:\/\/api.w.org\/{rel}","templated":true}]}}