{"id":434,"date":"2025-03-20T22:43:15","date_gmt":"2025-03-20T22:43:15","guid":{"rendered":"https:\/\/ecsverissimo.com\/?page_id=434"},"modified":"2025-08-06T21:51:09","modified_gmt":"2025-08-06T21:51:09","slug":"veiculos-ligeiros","status":"publish","type":"page","link":"https:\/\/ecsverissimo.com\/index.php\/veiculos-ligeiros\/","title":{"rendered":"Ve\u00edculos Ligeiros"},"content":{"rendered":"\t\t<div data-elementor-type=\"wp-page\" data-elementor-id=\"434\" class=\"elementor elementor-434\" data-elementor-settings=\"{&quot;ha_cmc_init_switcher&quot;:&quot;no&quot;}\">\n\t\t\t\t<div class=\"elementor-element elementor-element-4f4f8e95 e-flex e-con-boxed wpr-particle-no wpr-jarallax-no wpr-parallax-no wpr-sticky-section-no wpr-equal-height-no e-con e-parent\" data-id=\"4f4f8e95\" data-element_type=\"container\" data-e-type=\"container\" data-settings=\"{&quot;_ha_eqh_enable&quot;:false}\">\n\t\t\t\t\t<div class=\"e-con-inner\">\n\t\t<div class=\"elementor-element elementor-element-5086b99 e-con-full e-flex wpr-particle-no wpr-jarallax-no wpr-parallax-no wpr-sticky-section-no wpr-equal-height-no e-con e-child\" data-id=\"5086b99\" data-element_type=\"container\" data-e-type=\"container\" data-settings=\"{&quot;_ha_eqh_enable&quot;:false}\">\n\t\t\t\t<div class=\"elementor-element elementor-element-ad5dc4a elementor-widget elementor-widget-heading\" data-id=\"ad5dc4a\" data-element_type=\"widget\" data-e-type=\"widget\" data-widget_type=\"heading.default\">\n\t\t\t\t<div class=\"elementor-widget-container\">\n\t\t\t\t\t<h2 class=\"elementor-heading-title elementor-size-default\">INSCRI\u00c7\u00c3O EM VE\u00cdCULOS LIGEIROS<\/h2>\t\t\t\t<\/div>\n\t\t\t\t<\/div>\n\t\t\t\t<\/div>\n\t\t\t\t\t<\/div>\n\t\t\t\t<\/div>\n\t\t<div class=\"elementor-element elementor-element-2fa2839 e-flex e-con-boxed wpr-particle-no wpr-jarallax-no wpr-parallax-no wpr-sticky-section-no wpr-equal-height-no e-con e-parent\" data-id=\"2fa2839\" data-element_type=\"container\" data-e-type=\"container\" data-settings=\"{&quot;_ha_eqh_enable&quot;:false}\">\n\t\t\t\t\t<div class=\"e-con-inner\">\n\t\t\t\t<div class=\"elementor-element elementor-element-9327256 elementor-widget elementor-widget-heading\" data-id=\"9327256\" data-element_type=\"widget\" data-e-type=\"widget\" data-widget_type=\"heading.default\">\n\t\t\t\t<div class=\"elementor-widget-container\">\n\t\t\t\t\t<h4 class=\"elementor-heading-title elementor-size-default\">Autom\u00f3veis Ligeiros - Cat. B<\/h4>\t\t\t\t<\/div>\n\t\t\t\t<\/div>\n\t\t<div class=\"elementor-element elementor-element-3c02e7f e-grid e-con-full wpr-particle-no wpr-jarallax-no wpr-parallax-no wpr-sticky-section-no wpr-equal-height-no e-con e-child\" data-id=\"3c02e7f\" data-element_type=\"container\" data-e-type=\"container\" data-settings=\"{&quot;_ha_eqh_enable&quot;:false}\">\n\t\t\t\t<div class=\"elementor-element elementor-element-5d5af5e elementor-widget__width-inherit elementor-widget elementor-widget-text-editor\" data-id=\"5d5af5e\" data-element_type=\"widget\" data-e-type=\"widget\" data-widget_type=\"text-editor.default\">\n\t\t\t\t<div class=\"elementor-widget-container\">\n\t\t\t\t\t\t\t\t\t<p><strong>Documentos necess\u00e1rios:\u00a0<\/strong><\/p><ul><li>Cart\u00e3o de cidad\u00e3o<\/li><li>Atestado m\u00e9dico (artigo 26\u00ba, n.\u00ba 1 do RHLC)\u00a0<\/li><li>1 foto<\/li><\/ul>\t\t\t\t\t\t\t\t<\/div>\n\t\t\t\t<\/div>\n\t\t\t\t<div class=\"elementor-element elementor-element-64bb038 elementor-widget elementor-widget-text-editor\" data-id=\"64bb038\" data-element_type=\"widget\" data-e-type=\"widget\" data-widget_type=\"text-editor.default\">\n\t\t\t\t<div class=\"elementor-widget-container\">\n\t\t\t\t\t\t\t\t\t<p><strong>O que engloba?\u00a0<\/strong><\/p><ul><li>Uma licen\u00e7a de aprendizagem<\/li><li>28 horas de forma\u00e7\u00e3o te\u00f3rica<\/li><li>Um exame te\u00f3rico<\/li><li>32 horas de condu\u00e7\u00e3o e 500km<\/li><li>Um exame pr\u00e1tico<\/li><li>A emiss\u00e3o da carta, que ser\u00e1 enviada para casa<\/li><\/ul>\t\t\t\t\t\t\t\t<\/div>\n\t\t\t\t<\/div>\n\t\t\t\t<div class=\"elementor-element elementor-element-a95b7ed elementor-widget elementor-widget-image\" data-id=\"a95b7ed\" data-element_type=\"widget\" data-e-type=\"widget\" data-widget_type=\"image.default\">\n\t\t\t\t<div class=\"elementor-widget-container\">\n\t\t\t\t\t\t\t\t\t\t\t\t\t\t\t<img fetchpriority=\"high\" decoding=\"async\" width=\"1024\" height=\"576\" src=\"https:\/\/ecsverissimo.com\/wp-content\/uploads\/2025\/03\/IMG_3050-1-1024x576.webp\" class=\"attachment-large size-large wp-image-651\" alt=\"\" srcset=\"https:\/\/ecsverissimo.com\/wp-content\/uploads\/2025\/03\/IMG_3050-1-1024x576.webp 1024w, https:\/\/ecsverissimo.com\/wp-content\/uploads\/2025\/03\/IMG_3050-1-300x169.webp 300w, https:\/\/ecsverissimo.com\/wp-content\/uploads\/2025\/03\/IMG_3050-1-768x432.webp 768w, https:\/\/ecsverissimo.com\/wp-content\/uploads\/2025\/03\/IMG_3050-1-1536x864.webp 1536w, https:\/\/ecsverissimo.com\/wp-content\/uploads\/2025\/03\/IMG_3050-1.webp 1920w\" sizes=\"(max-width: 1024px) 100vw, 1024px\" \/>\t\t\t\t\t\t\t\t\t\t\t\t\t\t\t<\/div>\n\t\t\t\t<\/div>\n\t\t\t\t<\/div>\n\t\t\t\t\t<\/div>\n\t\t\t\t<\/div>\n\t\t<div class=\"elementor-element elementor-element-62adca7 e-flex e-con-boxed wpr-particle-no wpr-jarallax-no wpr-parallax-no wpr-sticky-section-no wpr-equal-height-no e-con e-parent\" data-id=\"62adca7\" data-element_type=\"container\" data-e-type=\"container\" data-settings=\"{&quot;_ha_eqh_enable&quot;:false}\">\n\t\t\t\t\t<div class=\"e-con-inner\">\n\t\t\t\t<div class=\"elementor-element elementor-element-c9978a5 elementor-widget-divider--view-line elementor-widget elementor-widget-divider\" data-id=\"c9978a5\" data-element_type=\"widget\" data-e-type=\"widget\" data-widget_type=\"divider.default\">\n\t\t\t\t<div class=\"elementor-widget-container\">\n\t\t\t\t\t\t\t<div class=\"elementor-divider\">\n\t\t\t<span class=\"elementor-divider-separator\">\n\t\t\t\t\t\t<\/span>\n\t\t<\/div>\n\t\t\t\t\t\t<\/div>\n\t\t\t\t<\/div>\n\t\t\t\t\t<\/div>\n\t\t\t\t<\/div>\n\t\t<div class=\"elementor-element elementor-element-3881936 e-flex e-con-boxed wpr-particle-no wpr-jarallax-no wpr-parallax-no wpr-sticky-section-no wpr-equal-height-no e-con e-parent\" data-id=\"3881936\" data-element_type=\"container\" data-e-type=\"container\" data-settings=\"{&quot;_ha_eqh_enable&quot;:false}\">\n\t\t\t\t\t<div class=\"e-con-inner\">\n\t\t\t\t<div class=\"elementor-element elementor-element-9a5f281 elementor-widget elementor-widget-heading\" data-id=\"9a5f281\" data-element_type=\"widget\" data-e-type=\"widget\" data-widget_type=\"heading.default\">\n\t\t\t\t<div class=\"elementor-widget-container\">\n\t\t\t\t\t<h4 class=\"elementor-heading-title elementor-size-default\">Autoproposituras<\/h4>\t\t\t\t<\/div>\n\t\t\t\t<\/div>\n\t\t<div class=\"elementor-element elementor-element-00b1881 e-grid e-con-full wpr-particle-no wpr-jarallax-no wpr-parallax-no wpr-sticky-section-no wpr-equal-height-no e-con e-child\" data-id=\"00b1881\" data-element_type=\"container\" data-e-type=\"container\" data-settings=\"{&quot;_ha_eqh_enable&quot;:false}\">\n\t\t\t\t<div class=\"elementor-element elementor-element-abb20bb elementor-widget__width-inherit elementor-widget elementor-widget-text-editor\" data-id=\"abb20bb\" data-element_type=\"widget\" data-e-type=\"widget\" data-widget_type=\"text-editor.default\">\n\t\t\t\t<div class=\"elementor-widget-container\">\n\t\t\t\t\t\t\t\t\t<p>(Para aqueles condutores que n\u00e3o renovaram a carta em tempo \u00fatil)<\/p><p><strong>\u00a0Documentos necess\u00e1rios<\/strong>:<\/p><ul><li>Cart\u00e3o de cidad\u00e3o<\/li><li>Atestado m\u00e9dico (artigo 26\u00ba, n.\u00ba 1 do RHLC)<\/li><li>Carta de condu\u00e7\u00e3o<\/li><\/ul>\t\t\t\t\t\t\t\t<\/div>\n\t\t\t\t<\/div>\n\t\t\t\t<\/div>\n\t\t\t\t\t<\/div>\n\t\t\t\t<\/div>\n\t\t\t\t<\/div>\n\t\t","protected":false},"excerpt":{"rendered":"<p>INSCRI\u00c7\u00c3O EM VE\u00cdCULOS LIGEIROS Autom\u00f3veis Ligeiros &#8211; Cat. B Documentos necess\u00e1rios:\u00a0 Cart\u00e3o de cidad\u00e3o Atestado m\u00e9dico (artigo 26\u00ba, n.\u00ba 1 do RHLC)\u00a0 1 foto O que engloba?\u00a0 Uma licen\u00e7a de aprendizagem 28 horas de forma\u00e7\u00e3o te\u00f3rica Um exame te\u00f3rico 32 horas de condu\u00e7\u00e3o e 500km Um exame pr\u00e1tico A emiss\u00e3o da carta, que ser\u00e1 enviada para casa Autoproposituras (Para aqueles condutores que n\u00e3o renovaram a carta em tempo \u00fatil) \u00a0Documentos necess\u00e1rios: Cart\u00e3o de cidad\u00e3o Atestado m\u00e9dico (artigo 26\u00ba, n.\u00ba 1 do RHLC) Carta de condu\u00e7\u00e3o<\/p>\n","protected":false},"author":1,"featured_media":0,"parent":0,"menu_order":0,"comment_status":"closed","ping_status":"closed","template":"","meta":{"neve_meta_sidebar":"","neve_meta_container":"","neve_meta_enable_content_width":"","neve_meta_content_width":0,"neve_meta_title_alignment":"","neve_meta_author_avatar":"","neve_post_elements_order":"","neve_meta_disable_header":"","neve_meta_disable_footer":"","neve_meta_disable_title":"","footnotes":""},"class_list":["post-434","page","type-page","status-publish","hentry"],"_links":{"self":[{"href":"https:\/\/ecsverissimo.com\/index.php\/wp-json\/wp\/v2\/pages\/434","targetHints":{"allow":["GET"]}}],"collection":[{"href":"https:\/\/ecsverissimo.com\/index.php\/wp-json\/wp\/v2\/pages"}],"about":[{"href":"https:\/\/ecsverissimo.com\/index.php\/wp-json\/wp\/v2\/types\/page"}],"author":[{"embeddable":true,"href":"https:\/\/ecsverissimo.com\/index.php\/wp-json\/wp\/v2\/users\/1"}],"replies":[{"embeddable":true,"href":"https:\/\/ecsverissimo.com\/index.php\/wp-json\/wp\/v2\/comments?post=434"}],"version-history":[{"count":8,"href":"https:\/\/ecsverissimo.com\/index.php\/wp-json\/wp\/v2\/pages\/434\/revisions"}],"predecessor-version":[{"id":1235,"href":"https:\/\/ecsverissimo.com\/index.php\/wp-json\/wp\/v2\/pages\/434\/revisions\/1235"}],"wp:attachment":[{"href":"https:\/\/ecsverissimo.com\/index.php\/wp-json\/wp\/v2\/media?parent=434"}],"curies":[{"name":"wp","href":"https:\/\/api.w.org\/{rel}","templated":true}]}}