{"id":324,"date":"2025-03-16T18:27:28","date_gmt":"2025-03-16T18:27:28","guid":{"rendered":"https:\/\/ecsverissimo.com\/?page_id=324"},"modified":"2025-08-10T21:21:10","modified_gmt":"2025-08-10T21:21:10","slug":"motociclos","status":"publish","type":"page","link":"https:\/\/ecsverissimo.com\/index.php\/motociclos\/","title":{"rendered":"Motociclos"},"content":{"rendered":"\t\t<div data-elementor-type=\"wp-page\" data-elementor-id=\"324\" class=\"elementor elementor-324\" data-elementor-settings=\"{&quot;ha_cmc_init_switcher&quot;:&quot;no&quot;}\">\n\t\t\t\t<div class=\"elementor-element elementor-element-4580ecdc e-flex e-con-boxed wpr-particle-no wpr-jarallax-no wpr-parallax-no wpr-sticky-section-no wpr-equal-height-no e-con e-parent\" data-id=\"4580ecdc\" data-element_type=\"container\" data-e-type=\"container\" data-settings=\"{&quot;background_background&quot;:&quot;classic&quot;,&quot;_ha_eqh_enable&quot;:false}\">\n\t\t\t\t\t<div class=\"e-con-inner\">\n\t\t\t\t<div class=\"elementor-element elementor-element-e6101b9 elementor-widget elementor-widget-heading\" data-id=\"e6101b9\" data-element_type=\"widget\" data-e-type=\"widget\" data-widget_type=\"heading.default\">\n\t\t\t\t<div class=\"elementor-widget-container\">\n\t\t\t\t\t<h2 class=\"elementor-heading-title elementor-size-default\">INSCRI\u00c7\u00c3O EM MOTOCICLOS<\/h2>\t\t\t\t<\/div>\n\t\t\t\t<\/div>\n\t\t\t\t\t<\/div>\n\t\t\t\t<\/div>\n\t\t<div class=\"elementor-element elementor-element-ede4e1a animated-fast e-flex e-con-boxed wpr-particle-no wpr-jarallax-no wpr-parallax-no wpr-sticky-section-no wpr-equal-height-no elementor-invisible e-con e-parent\" data-id=\"ede4e1a\" data-element_type=\"container\" data-e-type=\"container\" data-settings=\"{&quot;background_background&quot;:&quot;classic&quot;,&quot;animation&quot;:&quot;fadeInUp&quot;,&quot;_ha_eqh_enable&quot;:false}\">\n\t\t\t\t\t<div class=\"e-con-inner\">\n\t\t\t\t<div class=\"elementor-element elementor-element-745b55d elementor-widget elementor-widget-heading\" data-id=\"745b55d\" data-element_type=\"widget\" data-e-type=\"widget\" data-widget_type=\"heading.default\">\n\t\t\t\t<div class=\"elementor-widget-container\">\n\t\t\t\t\t<h4 class=\"elementor-heading-title elementor-size-default\">Categoria A1 (11 KW) - a partir de 16 anos de idade<\/h4>\t\t\t\t<\/div>\n\t\t\t\t<\/div>\n\t\t<div class=\"elementor-element elementor-element-665c8c1 e-grid e-con-full wpr-particle-no wpr-jarallax-no wpr-parallax-no wpr-sticky-section-no wpr-equal-height-no e-con e-child\" data-id=\"665c8c1\" data-element_type=\"container\" data-e-type=\"container\" data-settings=\"{&quot;_ha_eqh_enable&quot;:false}\">\n\t\t\t\t<div class=\"elementor-element elementor-element-3b51122 elementor-widget elementor-widget-text-editor\" data-id=\"3b51122\" data-element_type=\"widget\" data-e-type=\"widget\" data-widget_type=\"text-editor.default\">\n\t\t\t\t<div class=\"elementor-widget-container\">\n\t\t\t\t\t\t\t\t\t<p><strong>\u00a0Documentos necess\u00e1rios:<\/strong><\/p><ul><li>Cart\u00e3o de cidad\u00e3o<\/li><li>Atestado m\u00e9dico (artigo 26\u00ba, n.\u00ba 1 do RHLC)\u00a0<\/li><li>Certid\u00e3o narrativa de nascimento\u00a0\u00a0<\/li><li>C\u00f3pia do cart\u00e3o de cidad\u00e3o do respons\u00e1vel\u00a0\u00a0<\/li><li>Autoriza\u00e7\u00e3o do respons\u00e1vel<\/li><\/ul>\t\t\t\t\t\t\t\t<\/div>\n\t\t\t\t<\/div>\n\t\t\t\t<div class=\"elementor-element elementor-element-1960542 elementor-widget elementor-widget-text-editor\" data-id=\"1960542\" data-element_type=\"widget\" data-e-type=\"widget\" data-widget_type=\"text-editor.default\">\n\t\t\t\t<div class=\"elementor-widget-container\">\n\t\t\t\t\t\t\t\t\t<p><strong>O que engloba?<\/strong><\/p><ul><li>Uma licen\u00e7a de aprendizagem<\/li><li>28 horas de forma\u00e7\u00e3o te\u00f3rica<\/li><li>4 horas de forma\u00e7\u00e3o te\u00f3rica espec\u00edfica\u00a0<\/li><li>Um exame te\u00f3rico<\/li><li>12\u00a0horas de condu\u00e7\u00e3o e 120 km<\/li><li>Um exame pr\u00e1tico<\/li><li>A emiss\u00e3o da carta, que ser\u00e1 enviada para casa<\/li><\/ul>\t\t\t\t\t\t\t\t<\/div>\n\t\t\t\t<\/div>\n\t\t\t\t<div class=\"elementor-element elementor-element-6ede354 elementor-widget elementor-widget-image\" data-id=\"6ede354\" data-element_type=\"widget\" data-e-type=\"widget\" data-widget_type=\"image.default\">\n\t\t\t\t<div class=\"elementor-widget-container\">\n\t\t\t\t\t\t\t\t\t\t\t\t\t\t\t<img fetchpriority=\"high\" decoding=\"async\" width=\"1024\" height=\"576\" src=\"https:\/\/ecsverissimo.com\/wp-content\/uploads\/2025\/03\/IMG_3047-1-1024x576.webp\" class=\"attachment-large size-large wp-image-649\" alt=\"\" srcset=\"https:\/\/ecsverissimo.com\/wp-content\/uploads\/2025\/03\/IMG_3047-1-1024x576.webp 1024w, https:\/\/ecsverissimo.com\/wp-content\/uploads\/2025\/03\/IMG_3047-1-300x169.webp 300w, https:\/\/ecsverissimo.com\/wp-content\/uploads\/2025\/03\/IMG_3047-1-768x432.webp 768w, https:\/\/ecsverissimo.com\/wp-content\/uploads\/2025\/03\/IMG_3047-1-1536x864.webp 1536w, https:\/\/ecsverissimo.com\/wp-content\/uploads\/2025\/03\/IMG_3047-1.webp 1920w\" sizes=\"(max-width: 1024px) 100vw, 1024px\" \/>\t\t\t\t\t\t\t\t\t\t\t\t\t\t\t<\/div>\n\t\t\t\t<\/div>\n\t\t\t\t<\/div>\n\t\t\t\t\t<\/div>\n\t\t\t\t<\/div>\n\t\t<div class=\"elementor-element elementor-element-80b178d animated-fast e-flex e-con-boxed wpr-particle-no wpr-jarallax-no wpr-parallax-no wpr-sticky-section-no wpr-equal-height-no elementor-invisible e-con e-parent\" data-id=\"80b178d\" data-element_type=\"container\" data-e-type=\"container\" id=\"cat_a2\" data-settings=\"{&quot;background_background&quot;:&quot;classic&quot;,&quot;animation&quot;:&quot;fadeInUp&quot;,&quot;_ha_eqh_enable&quot;:false}\">\n\t\t\t\t\t<div class=\"e-con-inner\">\n\t\t\t\t<div class=\"elementor-element elementor-element-a86dac7 elementor-widget elementor-widget-heading\" data-id=\"a86dac7\" data-element_type=\"widget\" data-e-type=\"widget\" data-widget_type=\"heading.default\">\n\t\t\t\t<div class=\"elementor-widget-container\">\n\t\t\t\t\t<h4 class=\"elementor-heading-title elementor-size-default\">Categoria A2 (35 KW) - a partir de 18 anos de idade<\/h4>\t\t\t\t<\/div>\n\t\t\t\t<\/div>\n\t\t<div class=\"elementor-element elementor-element-cb216fd e-grid e-con-full wpr-particle-no wpr-jarallax-no wpr-parallax-no wpr-sticky-section-no wpr-equal-height-no e-con e-child\" data-id=\"cb216fd\" data-element_type=\"container\" data-e-type=\"container\" data-settings=\"{&quot;_ha_eqh_enable&quot;:false}\">\n\t\t\t\t<div class=\"elementor-element elementor-element-385bf64 elementor-widget elementor-widget-text-editor\" data-id=\"385bf64\" data-element_type=\"widget\" data-e-type=\"widget\" data-widget_type=\"text-editor.default\">\n\t\t\t\t<div class=\"elementor-widget-container\">\n\t\t\t\t\t\t\t\t\t<p style=\"text-align: left;\"><strong>\u00a0Documentos necess\u00e1rios:<\/strong><\/p>\n<ul>\n<li>Cart\u00e3o de cidad\u00e3o<\/li>\n<li>Atestado m\u00e9dico (artigo 26\u00ba, n.\u00ba 1 do RHLC)<\/li>\n<li>Carta de condu\u00e7\u00e3o<\/li>\n<\/ul>\t\t\t\t\t\t\t\t<\/div>\n\t\t\t\t<\/div>\n\t\t\t\t<div class=\"elementor-element elementor-element-712c530 elementor-widget elementor-widget-text-editor\" data-id=\"712c530\" data-element_type=\"widget\" data-e-type=\"widget\" data-widget_type=\"text-editor.default\">\n\t\t\t\t<div class=\"elementor-widget-container\">\n\t\t\t\t\t\t\t\t\t<p><strong>O que engloba?<\/strong><\/p><ul><li>Uma licen\u00e7a de aprendizagem<\/li><li>5\u00a0horas de forma\u00e7\u00e3o te\u00f3rica<\/li><li>4 horas de forma\u00e7\u00e3o te\u00f3rica espec\u00edfica\u00a0<\/li><li>Um exame te\u00f3rico<\/li><li>12 horas de condu\u00e7\u00e3o e 200km<\/li><li>Um exame pr\u00e1tico<\/li><li>A emiss\u00e3o da carta, que ser\u00e1 enviada para casa<\/li><\/ul>\t\t\t\t\t\t\t\t<\/div>\n\t\t\t\t<\/div>\n\t\t\t\t<div class=\"elementor-element elementor-element-9f8abfa elementor-widget elementor-widget-image\" data-id=\"9f8abfa\" data-element_type=\"widget\" data-e-type=\"widget\" data-widget_type=\"image.default\">\n\t\t\t\t<div class=\"elementor-widget-container\">\n\t\t\t\t\t\t\t\t\t\t\t\t\t\t\t<img decoding=\"async\" width=\"1024\" height=\"576\" src=\"https:\/\/ecsverissimo.com\/wp-content\/uploads\/2025\/03\/IMG_3038-1-1024x576.webp\" class=\"attachment-large size-large wp-image-646\" alt=\"\" srcset=\"https:\/\/ecsverissimo.com\/wp-content\/uploads\/2025\/03\/IMG_3038-1-1024x576.webp 1024w, https:\/\/ecsverissimo.com\/wp-content\/uploads\/2025\/03\/IMG_3038-1-300x169.webp 300w, https:\/\/ecsverissimo.com\/wp-content\/uploads\/2025\/03\/IMG_3038-1-768x432.webp 768w, https:\/\/ecsverissimo.com\/wp-content\/uploads\/2025\/03\/IMG_3038-1-1536x864.webp 1536w, https:\/\/ecsverissimo.com\/wp-content\/uploads\/2025\/03\/IMG_3038-1.webp 1920w\" sizes=\"(max-width: 1024px) 100vw, 1024px\" \/>\t\t\t\t\t\t\t\t\t\t\t\t\t\t\t<\/div>\n\t\t\t\t<\/div>\n\t\t\t\t<\/div>\n\t\t\t\t\t<\/div>\n\t\t\t\t<\/div>\n\t\t<div class=\"elementor-element elementor-element-ecf2a47 animated-fast e-flex e-con-boxed wpr-particle-no wpr-jarallax-no wpr-parallax-no wpr-sticky-section-no wpr-equal-height-no elementor-invisible e-con e-parent\" data-id=\"ecf2a47\" data-element_type=\"container\" data-e-type=\"container\" id=\"cat_a\" data-settings=\"{&quot;animation&quot;:&quot;fadeInUp&quot;,&quot;_ha_eqh_enable&quot;:false}\">\n\t\t\t\t\t<div class=\"e-con-inner\">\n\t\t\t\t<div class=\"elementor-element elementor-element-28e8250 elementor-widget elementor-widget-heading\" data-id=\"28e8250\" data-element_type=\"widget\" data-e-type=\"widget\" data-widget_type=\"heading.default\">\n\t\t\t\t<div class=\"elementor-widget-container\">\n\t\t\t\t\t<h4 class=\"elementor-heading-title elementor-size-default\">Categoria A (+35 KW) - a partir de 24 anos de idade\u200b<\/h4>\t\t\t\t<\/div>\n\t\t\t\t<\/div>\n\t\t<div class=\"elementor-element elementor-element-f362a02 e-grid e-con-full wpr-particle-no wpr-jarallax-no wpr-parallax-no wpr-sticky-section-no wpr-equal-height-no e-con e-child\" data-id=\"f362a02\" data-element_type=\"container\" data-e-type=\"container\" data-settings=\"{&quot;_ha_eqh_enable&quot;:false}\">\n\t\t\t\t<div class=\"elementor-element elementor-element-dffe071 elementor-widget elementor-widget-text-editor\" data-id=\"dffe071\" data-element_type=\"widget\" data-e-type=\"widget\" data-widget_type=\"text-editor.default\">\n\t\t\t\t<div class=\"elementor-widget-container\">\n\t\t\t\t\t\t\t\t\t<p><strong>\u00a0Documentos necess\u00e1rios:<\/strong><\/p><ul><li>Cart\u00e3o de cidad\u00e3o<\/li><li>Atestado m\u00e9dico (artigo 26\u00ba, n.\u00ba 1 do RHLC)\u00a0<\/li><\/ul>\t\t\t\t\t\t\t\t<\/div>\n\t\t\t\t<\/div>\n\t\t\t\t<div class=\"elementor-element elementor-element-c4c8b1d elementor-widget elementor-widget-text-editor\" data-id=\"c4c8b1d\" data-element_type=\"widget\" data-e-type=\"widget\" data-widget_type=\"text-editor.default\">\n\t\t\t\t<div class=\"elementor-widget-container\">\n\t\t\t\t\t\t\t\t\t<p><strong>O que engloba?<\/strong><\/p><ul><li>Uma licen\u00e7a de aprendizagem<\/li><li>28 horas de forma\u00e7\u00e3o te\u00f3rica<\/li><li>4 horas de forma\u00e7\u00e3o te\u00f3rica espec\u00edfica\u00a0<\/li><li>Um exame te\u00f3rico<\/li><li>12 horas de condu\u00e7\u00e3o e 200 km<\/li><li>Um exame pr\u00e1tico<\/li><li>A emiss\u00e3o da carta, que ser\u00e1 enviada para casa<\/li><\/ul>\t\t\t\t\t\t\t\t<\/div>\n\t\t\t\t<\/div>\n\t\t\t\t<div class=\"elementor-element elementor-element-2969346 elementor-widget elementor-widget-image\" data-id=\"2969346\" data-element_type=\"widget\" data-e-type=\"widget\" data-widget_type=\"image.default\">\n\t\t\t\t<div class=\"elementor-widget-container\">\n\t\t\t\t\t\t\t\t\t\t\t\t\t\t\t<img decoding=\"async\" width=\"1024\" height=\"576\" src=\"https:\/\/ecsverissimo.com\/wp-content\/uploads\/2025\/03\/IMG_3040-1-1024x576.webp\" class=\"attachment-large size-large wp-image-648\" alt=\"\" srcset=\"https:\/\/ecsverissimo.com\/wp-content\/uploads\/2025\/03\/IMG_3040-1-1024x576.webp 1024w, https:\/\/ecsverissimo.com\/wp-content\/uploads\/2025\/03\/IMG_3040-1-300x169.webp 300w, https:\/\/ecsverissimo.com\/wp-content\/uploads\/2025\/03\/IMG_3040-1-768x432.webp 768w, https:\/\/ecsverissimo.com\/wp-content\/uploads\/2025\/03\/IMG_3040-1-1536x864.webp 1536w, https:\/\/ecsverissimo.com\/wp-content\/uploads\/2025\/03\/IMG_3040-1.webp 1920w\" sizes=\"(max-width: 1024px) 100vw, 1024px\" \/>\t\t\t\t\t\t\t\t\t\t\t\t\t\t\t<\/div>\n\t\t\t\t<\/div>\n\t\t\t\t<\/div>\n\t\t\t\t\t<\/div>\n\t\t\t\t<\/div>\n\t\t<div class=\"elementor-element elementor-element-e02ca12 e-flex e-con-boxed wpr-particle-no wpr-jarallax-no wpr-parallax-no wpr-sticky-section-no wpr-equal-height-no e-con e-parent\" data-id=\"e02ca12\" data-element_type=\"container\" data-e-type=\"container\" data-settings=\"{&quot;_ha_eqh_enable&quot;:false}\">\n\t\t\t\t\t<div class=\"e-con-inner\">\n\t\t\t\t<div class=\"elementor-element elementor-element-ca8e695 elementor-widget-divider--view-line elementor-widget elementor-widget-divider\" data-id=\"ca8e695\" data-element_type=\"widget\" data-e-type=\"widget\" data-widget_type=\"divider.default\">\n\t\t\t\t<div class=\"elementor-widget-container\">\n\t\t\t\t\t\t\t<div class=\"elementor-divider\">\n\t\t\t<span class=\"elementor-divider-separator\">\n\t\t\t\t\t\t<\/span>\n\t\t<\/div>\n\t\t\t\t\t\t<\/div>\n\t\t\t\t<\/div>\n\t\t\t\t\t<\/div>\n\t\t\t\t<\/div>\n\t\t<div class=\"elementor-element elementor-element-14cb3c5 animated-fast e-flex e-con-boxed wpr-particle-no wpr-jarallax-no wpr-parallax-no wpr-sticky-section-no wpr-equal-height-no elementor-invisible e-con e-parent\" data-id=\"14cb3c5\" data-element_type=\"container\" data-e-type=\"container\" data-settings=\"{&quot;animation&quot;:&quot;fadeInUp&quot;,&quot;_ha_eqh_enable&quot;:false}\">\n\t\t\t\t\t<div class=\"e-con-inner\">\n\t\t\t\t<div class=\"elementor-element elementor-element-a41655a elementor-widget elementor-widget-heading\" data-id=\"a41655a\" data-element_type=\"widget\" data-e-type=\"widget\" data-widget_type=\"heading.default\">\n\t\t\t\t<div class=\"elementor-widget-container\">\n\t\t\t\t\t<h4 class=\"elementor-heading-title elementor-size-default\">AUTOPROPOSITURAS<\/h4>\t\t\t\t<\/div>\n\t\t\t\t<\/div>\n\t\t\t\t<div class=\"elementor-element elementor-element-53003d3 elementor-widget elementor-widget-text-editor\" data-id=\"53003d3\" data-element_type=\"widget\" data-e-type=\"widget\" data-widget_type=\"text-editor.default\">\n\t\t\t\t<div class=\"elementor-widget-container\">\n\t\t\t\t\t\t\t\t\t<p>(Para aqueles condutores que n\u00e3o renovaram a carta em tempo \u00fatil)<\/p><p><strong>\u00a0Documentos necess\u00e1rios:<\/strong><\/p><ul><li>Cart\u00e3o de cidad\u00e3o<\/li><li>Atestado m\u00e9dico (artigo 26\u00ba, n.\u00ba 1 do RHLC)<\/li><li>Carta de condu\u00e7\u00e3o<\/li><\/ul>\t\t\t\t\t\t\t\t<\/div>\n\t\t\t\t<\/div>\n\t\t\t\t\t<\/div>\n\t\t\t\t<\/div>\n\t\t\t\t<\/div>\n\t\t","protected":false},"excerpt":{"rendered":"<p>INSCRI\u00c7\u00c3O EM MOTOCICLOS Categoria A1 (11 KW) &#8211; a partir de 16 anos de idade \u00a0Documentos necess\u00e1rios: Cart\u00e3o de cidad\u00e3o Atestado m\u00e9dico (artigo 26\u00ba, n.\u00ba 1 do RHLC)\u00a0 Certid\u00e3o narrativa de nascimento\u00a0\u00a0 C\u00f3pia do cart\u00e3o de cidad\u00e3o do respons\u00e1vel\u00a0\u00a0 Autoriza\u00e7\u00e3o do respons\u00e1vel O que engloba? Uma licen\u00e7a de aprendizagem 28 horas de forma\u00e7\u00e3o te\u00f3rica 4 horas de forma\u00e7\u00e3o te\u00f3rica espec\u00edfica\u00a0 Um exame te\u00f3rico 12\u00a0horas de condu\u00e7\u00e3o e 120 km Um exame pr\u00e1tico A emiss\u00e3o da carta, que ser\u00e1 enviada para casa Categoria A2 (35 KW) &#8211; a partir de 18 anos de idade \u00a0Documentos necess\u00e1rios: Cart\u00e3o de cidad\u00e3o Atestado m\u00e9dico (artigo 26\u00ba, n.\u00ba 1 do RHLC) Carta de condu\u00e7\u00e3o O que engloba? Uma licen\u00e7a de aprendizagem 5\u00a0horas de forma\u00e7\u00e3o te\u00f3rica 4 horas de forma\u00e7\u00e3o te\u00f3rica espec\u00edfica\u00a0 Um exame te\u00f3rico 12 horas de condu\u00e7\u00e3o e 200km Um exame pr\u00e1tico A emiss\u00e3o da carta, que ser\u00e1 enviada para casa Categoria A (+35 KW) &#8211; a partir de 24 anos de idade\u200b \u00a0Documentos necess\u00e1rios: Cart\u00e3o de cidad\u00e3o Atestado m\u00e9dico (artigo 26\u00ba, n.\u00ba 1 do RHLC)\u00a0 O que engloba? Uma licen\u00e7a de aprendizagem 28 horas de forma\u00e7\u00e3o te\u00f3rica 4 horas de forma\u00e7\u00e3o te\u00f3rica espec\u00edfica\u00a0 Um exame te\u00f3rico 12 horas de condu\u00e7\u00e3o e 200 km Um exame pr\u00e1tico A emiss\u00e3o da carta, que ser\u00e1 enviada para casa AUTOPROPOSITURAS (Para aqueles condutores que n\u00e3o renovaram a carta em tempo \u00fatil) \u00a0Documentos necess\u00e1rios: Cart\u00e3o de cidad\u00e3o Atestado m\u00e9dico (artigo 26\u00ba, n.\u00ba 1 do RHLC) Carta de condu\u00e7\u00e3o<\/p>\n","protected":false},"author":1,"featured_media":0,"parent":0,"menu_order":1,"comment_status":"closed","ping_status":"closed","template":"","meta":{"neve_meta_sidebar":"","neve_meta_container":"","neve_meta_enable_content_width":"","neve_meta_content_width":0,"neve_meta_title_alignment":"","neve_meta_author_avatar":"","neve_post_elements_order":"","neve_meta_disable_header":"","neve_meta_disable_footer":"","neve_meta_disable_title":"","footnotes":""},"class_list":["post-324","page","type-page","status-publish","hentry"],"_links":{"self":[{"href":"https:\/\/ecsverissimo.com\/index.php\/wp-json\/wp\/v2\/pages\/324","targetHints":{"allow":["GET"]}}],"collection":[{"href":"https:\/\/ecsverissimo.com\/index.php\/wp-json\/wp\/v2\/pages"}],"about":[{"href":"https:\/\/ecsverissimo.com\/index.php\/wp-json\/wp\/v2\/types\/page"}],"author":[{"embeddable":true,"href":"https:\/\/ecsverissimo.com\/index.php\/wp-json\/wp\/v2\/users\/1"}],"replies":[{"embeddable":true,"href":"https:\/\/ecsverissimo.com\/index.php\/wp-json\/wp\/v2\/comments?post=324"}],"version-history":[{"count":10,"href":"https:\/\/ecsverissimo.com\/index.php\/wp-json\/wp\/v2\/pages\/324\/revisions"}],"predecessor-version":[{"id":1518,"href":"https:\/\/ecsverissimo.com\/index.php\/wp-json\/wp\/v2\/pages\/324\/revisions\/1518"}],"wp:attachment":[{"href":"https:\/\/ecsverissimo.com\/index.php\/wp-json\/wp\/v2\/media?parent=324"}],"curies":[{"name":"wp","href":"https:\/\/api.w.org\/{rel}","templated":true}]}}