{"id":1549,"date":"2025-08-11T21:46:41","date_gmt":"2025-08-11T21:46:41","guid":{"rendered":"https:\/\/ecsverissimo.com\/?page_id=1549"},"modified":"2025-08-11T21:53:39","modified_gmt":"2025-08-11T21:53:39","slug":"resolucao-litigios","status":"publish","type":"page","link":"https:\/\/ecsverissimo.com\/index.php\/resolucao-litigios\/","title":{"rendered":"\u2696\ufe0f Resolu\u00e7\u00e3o de Lit\u00edgios"},"content":{"rendered":"\t\t<div data-elementor-type=\"wp-page\" data-elementor-id=\"1549\" class=\"elementor elementor-1549\" data-elementor-settings=\"{&quot;ha_cmc_init_switcher&quot;:&quot;no&quot;}\">\n\t\t\t\t<div class=\"elementor-element elementor-element-73e8e09 e-flex e-con-boxed wpr-particle-no wpr-jarallax-no wpr-parallax-no wpr-sticky-section-no wpr-equal-height-no e-con e-parent\" data-id=\"73e8e09\" data-element_type=\"container\" data-e-type=\"container\" data-settings=\"{&quot;_ha_eqh_enable&quot;:false}\">\n\t\t\t\t\t<div class=\"e-con-inner\">\n\t\t\t\t<div class=\"elementor-element elementor-element-f427442 elementor-widget elementor-widget-html\" data-id=\"f427442\" data-element_type=\"widget\" data-e-type=\"widget\" data-widget_type=\"html.default\">\n\t\t\t\t<div class=\"elementor-widget-container\">\n\t\t\t\t\t<section id=\"resolucao-litigios\" style=\"color: black; padding: 40px; font-family: Arial, sans-serif;\">\n  <div style=\"display: flex; align-items: center; margin-bottom: 20px;\">\n    <img decoding=\"async\" src=\"https:\/\/cdn-icons-png.flaticon.com\/512\/1041\/1041916.png\" alt=\"\u00cdcone Justi\u00e7a\" width=\"50\" style=\"margin-right: 15px;\">\n    <p style=\"margin: 0;\">\n      Em cumprimento da <strong>Lei n.\u00ba 144\/2015<\/strong>, de 08 de Setembro, informamos que, em caso de lit\u00edgio de consumo, o consumidor pode recorrer \u00e0 seguinte entidade de resolu\u00e7\u00e3o alternativa:\n    <\/p>\n  <\/div>\n\n  <div style=\"padding: 20px; border-radius: 6px; border: 1px solid #1abc9c; margin-bottom: 20px;\">\n    <h3 style=\"margin-top: 0;\">\ud83d\udccd CIAB \u2013 Centro de Informa\u00e7\u00e3o, Media\u00e7\u00e3o e Arbitragem de Consumo<\/h3>\n    <p>\n      <strong>Morada:<\/strong> Rua D. Afonso Henriques, 1 \u2013 4700-030 Braga<br>\n      <strong>Telefone:<\/strong> 253 617 604<br>\n      <strong>Email:<\/strong> <a href=\"mailto:geral@ciab.pt\" style=\"color: #1abc9c;\">geral@ciab.pt<\/a><br>\n      <strong>Website:<\/strong> <a href=\"https:\/\/www.ciab.pt\" target=\"_blank\" style=\"color: #1abc9c;\">www.ciab.pt<\/a>\n    <\/p>\n  <\/div>\n\n  <p>\n    O CIAB \u00e9 competente para resolver lit\u00edgios de consumo nos munic\u00edpios de Barcelos, Braga, Esposende e outros da regi\u00e3o norte, atrav\u00e9s de media\u00e7\u00e3o, concilia\u00e7\u00e3o e arbitragem.\n  <\/p>\n\n  <p>\n    Para mais informa\u00e7\u00f5es sobre outras entidades de resolu\u00e7\u00e3o alternativa de lit\u00edgios, consulte o Portal do Consumidor:  \n    <a href=\"https:\/\/www.consumidor.gov.pt\" target=\"_blank\" style=\"color: #1abc9c;\">www.consumidor.gov.pt<\/a>\n  <\/p>\n  <p>\n    A Escola de Condu\u00e7\u00e3o S\u00e3o Ver\u00edssimo compromete-se a colaborar com qualquer entidade de resolu\u00e7\u00e3o alternativa de lit\u00edgios competente para resolver eventuais conflitos de forma justa, r\u00e1pida e eficaz.\n  <\/p>\n<\/section>\t\t\t\t<\/div>\n\t\t\t\t<\/div>\n\t\t\t\t\t<\/div>\n\t\t\t\t<\/div>\n\t\t\t\t<\/div>\n\t\t","protected":false},"excerpt":{"rendered":"<p>Em cumprimento da Lei n.\u00ba 144\/2015, de 08 de Setembro, informamos que, em caso de lit\u00edgio de consumo, o consumidor pode recorrer \u00e0 seguinte entidade de resolu\u00e7\u00e3o alternativa: \ud83d\udccd CIAB \u2013 Centro de Informa\u00e7\u00e3o, Media\u00e7\u00e3o e Arbitragem de Consumo Morada: Rua D. Afonso Henriques, 1 \u2013 4700-030 Braga Telefone: 253 617 604 Email: geral@ciab.pt Website: www.ciab.pt O CIAB \u00e9 competente para resolver lit\u00edgios de consumo nos munic\u00edpios de Barcelos, Braga, Esposende e outros da regi\u00e3o norte, atrav\u00e9s de media\u00e7\u00e3o, concilia\u00e7\u00e3o e arbitragem. Para mais informa\u00e7\u00f5es sobre outras entidades de resolu\u00e7\u00e3o alternativa de lit\u00edgios, consulte o Portal do Consumidor: www.consumidor.gov.pt A Escola de Condu\u00e7\u00e3o S\u00e3o Ver\u00edssimo compromete-se a colaborar com qualquer entidade de resolu\u00e7\u00e3o alternativa de lit\u00edgios competente para resolver eventuais conflitos de forma justa, r\u00e1pida e eficaz.<\/p>\n","protected":false},"author":1,"featured_media":0,"parent":0,"menu_order":0,"comment_status":"closed","ping_status":"closed","template":"","meta":{"neve_meta_sidebar":"","neve_meta_container":"","neve_meta_enable_content_width":"","neve_meta_content_width":0,"neve_meta_title_alignment":"","neve_meta_author_avatar":"","neve_post_elements_order":"","neve_meta_disable_header":"","neve_meta_disable_footer":"","neve_meta_disable_title":"","footnotes":""},"class_list":["post-1549","page","type-page","status-publish","hentry"],"_links":{"self":[{"href":"https:\/\/ecsverissimo.com\/index.php\/wp-json\/wp\/v2\/pages\/1549","targetHints":{"allow":["GET"]}}],"collection":[{"href":"https:\/\/ecsverissimo.com\/index.php\/wp-json\/wp\/v2\/pages"}],"about":[{"href":"https:\/\/ecsverissimo.com\/index.php\/wp-json\/wp\/v2\/types\/page"}],"author":[{"embeddable":true,"href":"https:\/\/ecsverissimo.com\/index.php\/wp-json\/wp\/v2\/users\/1"}],"replies":[{"embeddable":true,"href":"https:\/\/ecsverissimo.com\/index.php\/wp-json\/wp\/v2\/comments?post=1549"}],"version-history":[{"count":11,"href":"https:\/\/ecsverissimo.com\/index.php\/wp-json\/wp\/v2\/pages\/1549\/revisions"}],"predecessor-version":[{"id":1560,"href":"https:\/\/ecsverissimo.com\/index.php\/wp-json\/wp\/v2\/pages\/1549\/revisions\/1560"}],"wp:attachment":[{"href":"https:\/\/ecsverissimo.com\/index.php\/wp-json\/wp\/v2\/media?parent=1549"}],"curies":[{"name":"wp","href":"https:\/\/api.w.org\/{rel}","templated":true}]}}