{"id":1290,"date":"2025-08-07T21:36:18","date_gmt":"2025-08-07T21:36:18","guid":{"rendered":"https:\/\/ecsverissimo.com\/?page_id=1290"},"modified":"2025-08-07T21:44:29","modified_gmt":"2025-08-07T21:44:29","slug":"politica-privacidade","status":"publish","type":"page","link":"https:\/\/ecsverissimo.com\/index.php\/politica-privacidade\/","title":{"rendered":"Pol\u00edtica de Privacidade"},"content":{"rendered":"\t\t<div data-elementor-type=\"wp-page\" data-elementor-id=\"1290\" class=\"elementor elementor-1290\" data-elementor-settings=\"{&quot;ha_cmc_init_switcher&quot;:&quot;no&quot;}\">\n\t\t\t\t<div class=\"elementor-element elementor-element-18f3e4a e-flex e-con-boxed wpr-particle-no wpr-jarallax-no wpr-parallax-no wpr-sticky-section-no wpr-equal-height-no e-con e-parent\" data-id=\"18f3e4a\" data-element_type=\"container\" data-e-type=\"container\" data-settings=\"{&quot;_ha_eqh_enable&quot;:false}\">\n\t\t\t\t\t<div class=\"e-con-inner\">\n\t\t\t\t<div class=\"elementor-element elementor-element-233932d elementor-widget elementor-widget-html\" data-id=\"233932d\" data-element_type=\"widget\" data-e-type=\"widget\" data-widget_type=\"html.default\">\n\t\t\t\t<div class=\"elementor-widget-container\">\n\t\t\t\t\t<span>\u00daltima atualiza\u00e7\u00e3o em 07-Ago-2025<\/span>\n<br><span>Data de entrada em vigor: 07-Ago-2025<\/span>\n<br><\/br>\n<p class=\"privacy-policy-p\">\n    Esta Pol\u00edtica de Privacidade descreve as pol\u00edticas da\n\n    Escola de Condu\u00e7\u00e3o S\u00e3o Ver\u00edssimo,  \n    Rua da Fraternidade, N\u00ba 38,  \n    Tamel S. Ver\u00edssimo, Barcelos  \n    4750 - 744,  \n    Portugal,  \n    email: geral@ecsverissimo.com,  \n    telefone: 253813132\n\n    sobre a recolha,  \n    utiliza\u00e7\u00e3o e divulga\u00e7\u00e3o das suas informa\u00e7\u00f5es que recolhemos  \n    quando utiliza o nosso website ( https:\/\/ecsverissimo.com ).  \n    (o \u201cServi\u00e7o\u201d). Ao aceder ou utilizar  \n    o  \n    Servi\u00e7o, est\u00e1 a consentir a recolha, utiliza\u00e7\u00e3o e  \n    divulga\u00e7\u00e3o das suas informa\u00e7\u00f5es de acordo com esta  \n    Pol\u00edtica de Privacidade. Se n\u00e3o concordar,  \n    por favor n\u00e3o aceda nem utilize o Servi\u00e7o.\n<\/p>\n\n<p class=\"privacy-policy-p\">\n    Podemos modificar esta Pol\u00edtica de Privacidade a qualquer momento sem  \n    aviso pr\u00e9vio e publicaremos a vers\u00e3o revista  \n    no Servi\u00e7o.   \n    Recomendamos, portanto, que reveja esta p\u00e1gina periodicamente.\n<\/p>\n\n<ol class=\"privacy-policy-ol\">\n        <h4 class=\"privacy-policy-h2\">\n            Informa\u00e7\u00f5es que Recolhemos:\n        <\/h4>\n        <p class=\"privacy-policy-p\">\n            Recolheremos e processaremos as seguintes  \n            informa\u00e7\u00f5es pessoais sobre si no caso de nos contactar:\n        <\/p>\n        <ol class=\"privacy-policy-ol\">\n            <li>Nome<\/li>\n            <li>Email<\/li>\n            <li>(Opcional) Contacto telef\u00f3nico<\/li>\n        <\/ol>\n\n        <h4 class=\"privacy-policy-h2\">\n            Como Utilizamos as Suas Informa\u00e7\u00f5es:\n        <\/h4>\n        <p class=\"privacy-policy-p\">\n            Utilizaremos as informa\u00e7\u00f5es que recolhemos  \n            sobre si para os seguintes fins:\n        <\/p>\n        <ol class=\"privacy-policy-ol\">\n            <li>Entrar em contacto<\/li>\n        <\/ol>\n        <p class=\"privacy-policy-p\">\n            Se pretendermos utilizar as suas informa\u00e7\u00f5es para qualquer outra  \n            finalidade, solicitaremos o seu consentimento e  \n            s\u00f3 utilizaremos as suas informa\u00e7\u00f5es ap\u00f3s obter esse  \n            consentimento e apenas para os fins para os quais  \n            foi concedido, salvo se exigido por lei.\n        <\/p>\n\n        <h4 class=\"privacy-policy-h2\">\n            Reten\u00e7\u00e3o das Suas Informa\u00e7\u00f5es:\n        <\/h4>\n        <p class=\"privacy-policy-p\">\n            Reteremos as suas informa\u00e7\u00f5es pessoais connosco  \n            pelo tempo necess\u00e1rio para cumprir os fins para  \n            os quais foram recolhidas, conforme detalhado nesta  \n            Pol\u00edtica de Privacidade. Podemos precisar de reter certas  \n            informa\u00e7\u00f5es por per\u00edodos mais longos, como  \n            para registos legais \/ relat\u00f3rios conforme exigido por  \n            lei aplic\u00e1vel ou por outros motivos leg\u00edtimos,  \n            como aplica\u00e7\u00e3o de direitos legais, preven\u00e7\u00e3o de fraude, etc.  \n            Informa\u00e7\u00f5es an\u00f3nimas residuais e informa\u00e7\u00f5es agregadas,  \n            que n\u00e3o o identificam (direta ou indiretamente), podem ser  \n            armazenadas indefinidamente.\n        <\/p>\n        <h4 class=\"privacy-policy-h2\">\n            Os Seus Direitos:\n        <\/h4>\n        <p class=\"privacy-policy-p\">\n            Dependendo da legisla\u00e7\u00e3o aplic\u00e1vel, poder\u00e1 ter  \n            o direito de aceder, retificar ou apagar os seus  \n            dados pessoais, receber uma c\u00f3pia dos seus dados,  \n            restringir ou opor-se ao tratamento ativo dos seus dados,  \n            solicitar que partilhemos (portabilidade) os seus dados com outra entidade,  \n            retirar qualquer consentimento que tenha dado para  \n            o tratamento dos seus dados, apresentar uma reclama\u00e7\u00e3o  \n            junto de uma autoridade competente, entre outros direitos  \n            previstos na legisla\u00e7\u00e3o aplic\u00e1vel. Para  \n            exercer esses direitos, pode escrever-nos para  \n            geral@ecsverissimo.com.  \n            Responderemos ao seu  \n            pedido de acordo com a legisla\u00e7\u00e3o aplic\u00e1vel.\n        <\/p>\n\n        <p class=\"privacy-policy-p\">\n            Note que, se n\u00e3o nos permitir recolher  \n            ou processar as informa\u00e7\u00f5es pessoais necess\u00e1rias ou  \n            retirar o consentimento para o tratamento das mesmas para os  \n            fins exigidos, poder\u00e1 n\u00e3o conseguir aceder  \n            ou utilizar os servi\u00e7os para os quais essas informa\u00e7\u00f5es  \n            foram solicitadas.\n        <\/p>\n\n        <h4 class=\"privacy-policy-h2\">\n            Cookies, etc.\n        <\/h4>\n        <p class=\"privacy-policy-p\">\n            Para saber mais sobre como utilizamos estas  \n            tecnologias de rastreamento e as suas op\u00e7\u00f5es em rela\u00e7\u00e3o a elas,  \n            consulte a nossa  \n            <a href=\"https:\/\/ecsverissimo.com\/index.php\/politica-cookies\/\">Pol\u00edtica de Cookies.<\/a>\n        <\/p>\n\n        <h4 class=\"privacy-policy-h2\">\n            Seguran\u00e7a:\n        <\/h4>\n        <p class=\"privacy-policy-p\">\n            A seguran\u00e7a das suas informa\u00e7\u00f5es \u00e9 importante para  \n            n\u00f3s e utilizaremos medidas de seguran\u00e7a razo\u00e1veis  \n            para evitar a perda, uso indevido ou altera\u00e7\u00e3o n\u00e3o autorizada  \n            das suas informa\u00e7\u00f5es sob o nosso controlo. No entanto, devido aos riscos inerentes,  \n            n\u00e3o podemos garantir seguran\u00e7a absoluta e,  \n            consequentemente, n\u00e3o podemos assegurar ou garantir  \n            a seguran\u00e7a de qualquer informa\u00e7\u00e3o que nos transmita,  \n            sendo essa transmiss\u00e3o feita por sua conta e risco.\n        <\/p>\n        <h4 class=\"privacy-policy-h2\">\n            Respons\u00e1vel pela Prote\u00e7\u00e3o de Dados \/ Reclama\u00e7\u00f5es:\n        <\/h4>\n        <p class=\"privacy-policy-p\">\n            Se tiver alguma d\u00favida ou preocupa\u00e7\u00e3o sobre o  \n            tratamento das suas informa\u00e7\u00f5es, pode enviar um email ao  \n            Respons\u00e1vel pela Prote\u00e7\u00e3o de Dados da  \n            Escola de Condu\u00e7\u00e3o S\u00e3o Ver\u00edssimo,  \n            Rua da Fraternidade, N\u00ba 38,  \n            email: geral@ecsverissimo.com.  \n            Trataremos das suas preocupa\u00e7\u00f5es de acordo com a legisla\u00e7\u00e3o aplic\u00e1vel.\n        <\/p>\n    <\/li>\n<\/ol>\n\t\t\t\t<\/div>\n\t\t\t\t<\/div>\n\t\t\t\t\t<\/div>\n\t\t\t\t<\/div>\n\t\t\t\t<\/div>\n\t\t","protected":false},"excerpt":{"rendered":"<p>\u00daltima atualiza\u00e7\u00e3o em 07-Ago-2025 Data de entrada em vigor: 07-Ago-2025 Esta Pol\u00edtica de Privacidade descreve as pol\u00edticas da Escola de Condu\u00e7\u00e3o S\u00e3o Ver\u00edssimo, Rua da Fraternidade, N\u00ba 38, Tamel S. Ver\u00edssimo, Barcelos 4750 &#8211; 744, Portugal, email: geral@ecsverissimo.com, telefone: 253813132 sobre a recolha, utiliza\u00e7\u00e3o e divulga\u00e7\u00e3o das suas informa\u00e7\u00f5es que recolhemos quando utiliza o nosso website ( https:\/\/ecsverissimo.com ). (o \u201cServi\u00e7o\u201d). Ao aceder ou utilizar o Servi\u00e7o, est\u00e1 a consentir a recolha, utiliza\u00e7\u00e3o e divulga\u00e7\u00e3o das suas informa\u00e7\u00f5es de acordo com esta Pol\u00edtica de Privacidade. Se n\u00e3o concordar, por favor n\u00e3o aceda nem utilize o Servi\u00e7o. Podemos modificar esta Pol\u00edtica de Privacidade a qualquer momento sem aviso pr\u00e9vio e publicaremos a vers\u00e3o revista no Servi\u00e7o. Recomendamos, portanto, que reveja esta p\u00e1gina periodicamente. Informa\u00e7\u00f5es que Recolhemos: Recolheremos e processaremos as seguintes informa\u00e7\u00f5es pessoais sobre si no caso de nos contactar: Nome Email (Opcional) Contacto telef\u00f3nico Como Utilizamos as Suas Informa\u00e7\u00f5es: Utilizaremos as informa\u00e7\u00f5es que recolhemos sobre si para os seguintes fins: Entrar em contacto Se pretendermos utilizar as suas informa\u00e7\u00f5es para qualquer outra finalidade, solicitaremos o seu consentimento e s\u00f3 utilizaremos as suas informa\u00e7\u00f5es ap\u00f3s obter esse consentimento e apenas para os fins para os quais foi concedido, salvo se exigido por lei. Reten\u00e7\u00e3o das Suas Informa\u00e7\u00f5es: Reteremos as suas informa\u00e7\u00f5es pessoais connosco pelo tempo necess\u00e1rio para cumprir os fins para os quais foram recolhidas, conforme detalhado nesta Pol\u00edtica de Privacidade. Podemos precisar de reter certas informa\u00e7\u00f5es por per\u00edodos mais longos, como para registos legais \/ relat\u00f3rios conforme exigido por lei aplic\u00e1vel ou por outros motivos leg\u00edtimos, como aplica\u00e7\u00e3o de direitos legais, preven\u00e7\u00e3o de fraude, etc. Informa\u00e7\u00f5es an\u00f3nimas residuais e informa\u00e7\u00f5es agregadas, que n\u00e3o o identificam (direta ou indiretamente), podem ser armazenadas indefinidamente. Os Seus Direitos: Dependendo da legisla\u00e7\u00e3o aplic\u00e1vel, poder\u00e1 ter o direito de aceder, retificar ou apagar os seus dados pessoais, receber uma c\u00f3pia dos seus dados, restringir ou opor-se ao tratamento ativo dos seus dados, solicitar que partilhemos (portabilidade) os seus dados com outra entidade, retirar qualquer consentimento que tenha dado para o tratamento dos seus dados, apresentar uma reclama\u00e7\u00e3o junto de uma autoridade competente, entre outros direitos previstos na legisla\u00e7\u00e3o aplic\u00e1vel. Para exercer esses direitos, pode escrever-nos para geral@ecsverissimo.com. Responderemos ao seu pedido de acordo com a legisla\u00e7\u00e3o aplic\u00e1vel. Note que, se n\u00e3o nos permitir recolher ou processar as informa\u00e7\u00f5es pessoais necess\u00e1rias ou retirar o consentimento para o tratamento das mesmas para os fins exigidos, poder\u00e1 n\u00e3o conseguir aceder ou utilizar os servi\u00e7os para os quais essas informa\u00e7\u00f5es foram solicitadas. Cookies, etc. Para saber mais sobre como utilizamos estas tecnologias de rastreamento e as suas op\u00e7\u00f5es em rela\u00e7\u00e3o a elas, consulte a nossa Pol\u00edtica de Cookies. Seguran\u00e7a: A seguran\u00e7a das suas informa\u00e7\u00f5es \u00e9 importante para n\u00f3s e utilizaremos medidas de seguran\u00e7a razo\u00e1veis para evitar a perda, uso indevido ou altera\u00e7\u00e3o n\u00e3o autorizada das suas informa\u00e7\u00f5es sob o nosso controlo. No entanto, devido aos riscos inerentes, n\u00e3o podemos garantir seguran\u00e7a absoluta e, consequentemente, n\u00e3o podemos assegurar ou garantir a seguran\u00e7a de qualquer informa\u00e7\u00e3o que nos transmita, sendo essa transmiss\u00e3o feita por sua conta e risco. Respons\u00e1vel pela Prote\u00e7\u00e3o de Dados \/ Reclama\u00e7\u00f5es: Se tiver alguma d\u00favida ou preocupa\u00e7\u00e3o sobre o tratamento das suas informa\u00e7\u00f5es, pode enviar um email ao Respons\u00e1vel pela Prote\u00e7\u00e3o de Dados da Escola de Condu\u00e7\u00e3o S\u00e3o Ver\u00edssimo, Rua da Fraternidade, N\u00ba 38, email: geral@ecsverissimo.com. Trataremos das suas preocupa\u00e7\u00f5es de acordo com a legisla\u00e7\u00e3o aplic\u00e1vel.<\/p>\n","protected":false},"author":1,"featured_media":0,"parent":0,"menu_order":0,"comment_status":"closed","ping_status":"closed","template":"","meta":{"neve_meta_sidebar":"","neve_meta_container":"","neve_meta_enable_content_width":"","neve_meta_content_width":0,"neve_meta_title_alignment":"","neve_meta_author_avatar":"","neve_post_elements_order":"","neve_meta_disable_header":"","neve_meta_disable_footer":"","neve_meta_disable_title":"","footnotes":""},"class_list":["post-1290","page","type-page","status-publish","hentry"],"_links":{"self":[{"href":"https:\/\/ecsverissimo.com\/index.php\/wp-json\/wp\/v2\/pages\/1290","targetHints":{"allow":["GET"]}}],"collection":[{"href":"https:\/\/ecsverissimo.com\/index.php\/wp-json\/wp\/v2\/pages"}],"about":[{"href":"https:\/\/ecsverissimo.com\/index.php\/wp-json\/wp\/v2\/types\/page"}],"author":[{"embeddable":true,"href":"https:\/\/ecsverissimo.com\/index.php\/wp-json\/wp\/v2\/users\/1"}],"replies":[{"embeddable":true,"href":"https:\/\/ecsverissimo.com\/index.php\/wp-json\/wp\/v2\/comments?post=1290"}],"version-history":[{"count":5,"href":"https:\/\/ecsverissimo.com\/index.php\/wp-json\/wp\/v2\/pages\/1290\/revisions"}],"predecessor-version":[{"id":1295,"href":"https:\/\/ecsverissimo.com\/index.php\/wp-json\/wp\/v2\/pages\/1290\/revisions\/1295"}],"wp:attachment":[{"href":"https:\/\/ecsverissimo.com\/index.php\/wp-json\/wp\/v2\/media?parent=1290"}],"curies":[{"name":"wp","href":"https:\/\/api.w.org\/{rel}","templated":true}]}}