{"id":1277,"date":"2025-08-07T21:17:39","date_gmt":"2025-08-07T21:17:39","guid":{"rendered":"https:\/\/ecsverissimo.com\/?page_id=1277"},"modified":"2025-08-11T21:59:26","modified_gmt":"2025-08-11T21:59:26","slug":"politica-cookies","status":"publish","type":"page","link":"https:\/\/ecsverissimo.com\/index.php\/politica-cookies\/","title":{"rendered":"Pol\u00edtica de Cookies"},"content":{"rendered":"\t\t<div data-elementor-type=\"wp-page\" data-elementor-id=\"1277\" class=\"elementor elementor-1277\" data-elementor-settings=\"{&quot;ha_cmc_init_switcher&quot;:&quot;no&quot;}\">\n\t\t\t\t<div class=\"elementor-element elementor-element-c69d4b9 e-flex e-con-boxed wpr-particle-no wpr-jarallax-no wpr-parallax-no wpr-sticky-section-no wpr-equal-height-no e-con e-parent\" data-id=\"c69d4b9\" data-element_type=\"container\" data-e-type=\"container\" data-settings=\"{&quot;_ha_eqh_enable&quot;:false}\">\n\t\t\t\t\t<div class=\"e-con-inner\">\n\t\t\t\t<div class=\"elementor-element elementor-element-d535479 elementor-widget elementor-widget-html\" data-id=\"d535479\" data-element_type=\"widget\" data-e-type=\"widget\" data-widget_type=\"html.default\">\n\t\t\t\t<div class=\"elementor-widget-container\">\n\t\t\t\t\t<style>\r\n    a.cky-banner-element {\r\n        padding: 8px 30px;\r\n        background: #F8F9FA;\r\n        color: #858A8F;\r\n        border: 1px solid #DEE2E6;\r\n        box-sizing: border-box;\r\n        border-radius: 2px;\r\n        cursor: pointer;\r\n}\r\n<\/style>\r\n<p>\r\n    Data Efetiva: 07-Aug-2025 <br>\r\n    \u00daltima Atualiza\u00e7\u00e3o: 07-Aug-2025\r\n<\/p>\r\n<h5>O que s\u00e3o cookies?<\/h5>\r\n<div class=\"cookie-policy-p\"><p>Esta Pol\u00edtica de Cookies explica o que s\u00e3o cookies e como os utilizamos, os tipos de cookies que usamos, ou seja, a informa\u00e7\u00e3o que recolhemos utilizando cookies e como essa informa\u00e7\u00e3o \u00e9 utilizada, e como gerir as defini\u00e7\u00f5es de cookies.<\/p> <p>Os cookies s\u00e3o pequenos ficheiros de texto que s\u00e3o utilizados para armazenar pequenas quantidades de informa\u00e7\u00e3o. Eles s\u00e3o armazenados no seu dispositivo quando o site \u00e9 carregado no seu navegador. Estes cookies ajudam-nos a fazer o site funcionar corretamente, torn\u00e1-lo mais seguro, proporcionar uma melhor experi\u00eancia ao utilizador e entender como o site funciona e analisar o que funciona e onde precisa de melhorias.<\/p><\/div>\r\n\r\n<h5>Como utilizamos cookies?<\/h5>\r\n<div class=\"cookie-policy-p\"><p>Como a maioria dos servi\u00e7os online, o nosso site utiliza cookies de primeira e terceira parte para v\u00e1rias finalidades. Os cookies de primeira parte s\u00e3o principalmente necess\u00e1rios para que o site funcione corretamente e n\u00e3o recolhem nenhum dos seus dados pessoais identific\u00e1veis..<\/p> <p>Os cookies de terceiros utilizados no nosso site servem principalmente para entender como o site funciona, como voc\u00ea interage com o nosso site, manter os nossos servi\u00e7os seguros, fornecer an\u00fancios que sejam relevantes para si e, em suma, proporcionar-lhe uma experi\u00eancia de utilizador melhorada e ajudar a acelerar as suas intera\u00e7\u00f5es futuras com o nosso site..<\/p><\/div>\r\n\r\n    <h5>Tipos de Cookies que utilizamos<\/h5>\r\n\r\n    <div class=\"cky-audit-table-element\"><\/div>\r\n\r\n\r\n    <h5 style=\"margin-bottom:20px;\">Gerir prefer\u00eancias de cookies<\/h5>\r\n\r\n    <a class=\"cky-banner-element\">Personalizar Cookies<\/a><br\/>\r\n&nbsp;\r\n    <div><p>Pode alterar as suas prefer\u00eancias de cookies a qualquer momento, clicando no bot\u00e3o acima. Isso permitir\u00e1 que volte a visitar o banner de consentimento de cookies e altere as suas prefer\u00eancias ou retire o seu consentimento imediatamente.<\/p> <p>Al\u00e9m disso, diferentes navegadores oferecem diferentes m\u00e9todos para bloquear e deletar cookies utilizados pelos websites. Pode alterar as configura\u00e7\u00f5es do seu navegador para bloquear\/deletar os cookies. Abaixo est\u00e3o os links para os documentos de apoio sobre como gerenciar e deletar cookies dos principais navegadores da web.<\/p><p>Edge: <a target=\"_blank\" href=\"https:\/\/www.microsoft.com\/en-us\/edge\/learning-center\/how-to-manage-and-clear-your-cache-and-cookies?form=MA13I2\">https:\/\/www.microsoft.com\/en-us\/edge\/learning-center\/how-to-manage-and-clear-your-cache-and-cookies?form=MA13I2<\/a><\/p><p>Chrome: <a target=\"_blank\" href=\"https:\/\/support.google.com\/accounts\/answer\/32050\">https:\/\/support.google.com\/accounts\/answer\/32050<\/a><\/p><p>Safari: <a target=\"_blank\" href=\"https:\/\/support.apple.com\/en-in\/guide\/safari\/sfri11471\/mac\">https:\/\/support.apple.com\/en-in\/guide\/safari\/sfri11471\/mac<\/a><\/p><p>Firefox: <a target=\"_blank\" href=\"https:\/\/support.mozilla.org\/en-US\/kb\/clear-cookies-and-site-data-firefox?redirectslug=delete-cookies-remove-info-websites-stored&redirectlocale=en-US\">https:\/\/support.mozilla.org\/en-US\/kb\/clear-cookies-and-site-data-firefox?redirectslug=delete-cookies-remove-info-websites-stored&redirectlocale=en-US<\/a><p>Se estiver a utilizar outro navegador web, por favor consulte a documenta\u00e7\u00e3o oficial de suporte do seu navegador.<\/p><\/div>\t\t\t\t<\/div>\n\t\t\t\t<\/div>\n\t\t\t\t\t<\/div>\n\t\t\t\t<\/div>\n\t\t\t\t<\/div>\n\t\t","protected":false},"excerpt":{"rendered":"<p>Data Efetiva: 07-Aug-2025 \u00daltima Atualiza\u00e7\u00e3o: 07-Aug-2025 O que s\u00e3o cookies? Esta Pol\u00edtica de Cookies explica o que s\u00e3o cookies e como os utilizamos, os tipos de cookies que usamos, ou seja, a informa\u00e7\u00e3o que recolhemos utilizando cookies e como essa informa\u00e7\u00e3o \u00e9 utilizada, e como gerir as defini\u00e7\u00f5es de cookies. Os cookies s\u00e3o pequenos ficheiros de texto que s\u00e3o utilizados para armazenar pequenas quantidades de informa\u00e7\u00e3o. Eles s\u00e3o armazenados no seu dispositivo quando o site \u00e9 carregado no seu navegador. Estes cookies ajudam-nos a fazer o site funcionar corretamente, torn\u00e1-lo mais seguro, proporcionar uma melhor experi\u00eancia ao utilizador e entender como o site funciona e analisar o que funciona e onde precisa de melhorias. Como utilizamos cookies? Como a maioria dos servi\u00e7os online, o nosso site utiliza cookies de primeira e terceira parte para v\u00e1rias finalidades. Os cookies de primeira parte s\u00e3o principalmente necess\u00e1rios para que o site funcione corretamente e n\u00e3o recolhem nenhum dos seus dados pessoais identific\u00e1veis.. Os cookies de terceiros utilizados no nosso site servem principalmente para entender como o site funciona, como voc\u00ea interage com o nosso site, manter os nossos servi\u00e7os seguros, fornecer an\u00fancios que sejam relevantes para si e, em suma, proporcionar-lhe uma experi\u00eancia de utilizador melhorada e ajudar a acelerar as suas intera\u00e7\u00f5es futuras com o nosso site.. Tipos de Cookies que utilizamos Gerir prefer\u00eancias de cookies Personalizar Cookies &nbsp; Pode alterar as suas prefer\u00eancias de cookies a qualquer momento, clicando no bot\u00e3o acima. Isso permitir\u00e1 que volte a visitar o banner de consentimento de cookies e altere as suas prefer\u00eancias ou retire o seu consentimento imediatamente. Al\u00e9m disso, diferentes navegadores oferecem diferentes m\u00e9todos para bloquear e deletar cookies utilizados pelos websites. Pode alterar as configura\u00e7\u00f5es do seu navegador para bloquear\/deletar os cookies. Abaixo est\u00e3o os links para os documentos de apoio sobre como gerenciar e deletar cookies dos principais navegadores da web. Edge: https:\/\/www.microsoft.com\/en-us\/edge\/learning-center\/how-to-manage-and-clear-your-cache-and-cookies?form=MA13I2 Chrome: https:\/\/support.google.com\/accounts\/answer\/32050 Safari: https:\/\/support.apple.com\/en-in\/guide\/safari\/sfri11471\/mac Firefox: https:\/\/support.mozilla.org\/en-US\/kb\/clear-cookies-and-site-data-firefox?redirectslug=delete-cookies-remove-info-websites-stored&#038;redirectlocale=en-US Se estiver a utilizar outro navegador web, por favor consulte a documenta\u00e7\u00e3o oficial de suporte do seu navegador.<\/p>\n","protected":false},"author":1,"featured_media":0,"parent":0,"menu_order":0,"comment_status":"closed","ping_status":"closed","template":"","meta":{"neve_meta_sidebar":"","neve_meta_container":"","neve_meta_enable_content_width":"","neve_meta_content_width":0,"neve_meta_title_alignment":"","neve_meta_author_avatar":"","neve_post_elements_order":"","neve_meta_disable_header":"","neve_meta_disable_footer":"","neve_meta_disable_title":"","footnotes":""},"class_list":["post-1277","page","type-page","status-publish","hentry"],"_links":{"self":[{"href":"https:\/\/ecsverissimo.com\/index.php\/wp-json\/wp\/v2\/pages\/1277","targetHints":{"allow":["GET"]}}],"collection":[{"href":"https:\/\/ecsverissimo.com\/index.php\/wp-json\/wp\/v2\/pages"}],"about":[{"href":"https:\/\/ecsverissimo.com\/index.php\/wp-json\/wp\/v2\/types\/page"}],"author":[{"embeddable":true,"href":"https:\/\/ecsverissimo.com\/index.php\/wp-json\/wp\/v2\/users\/1"}],"replies":[{"embeddable":true,"href":"https:\/\/ecsverissimo.com\/index.php\/wp-json\/wp\/v2\/comments?post=1277"}],"version-history":[{"count":10,"href":"https:\/\/ecsverissimo.com\/index.php\/wp-json\/wp\/v2\/pages\/1277\/revisions"}],"predecessor-version":[{"id":1565,"href":"https:\/\/ecsverissimo.com\/index.php\/wp-json\/wp\/v2\/pages\/1277\/revisions\/1565"}],"wp:attachment":[{"href":"https:\/\/ecsverissimo.com\/index.php\/wp-json\/wp\/v2\/media?parent=1277"}],"curies":[{"name":"wp","href":"https:\/\/api.w.org\/{rel}","templated":true}]}}